{"id":15322,"date":"2025-11-07T10:16:40","date_gmt":"2025-11-07T10:16:40","guid":{"rendered":"https:\/\/www.naglic.si\/?post_type=product&#038;p=15322"},"modified":"2025-11-07T10:18:56","modified_gmt":"2025-11-07T10:18:56","slug":"dymo-etiketni-tiskalnik-rocni-raznobarvni","status":"publish","type":"product","link":"https:\/\/www.naglic.si\/en\/izdelek\/dymo-etiketni-tiskalnik-rocni-raznobarvni\/","title":{"rendered":"DYMO Etiketni tiskalnik ro\u010dni raznobarvni"},"content":{"rendered":"","protected":false},"excerpt":{"rendered":"<p>Imamo na voljo PlasticBlue, RedPlastic, GreenPlastic, ClearPlastic in pa od firme G&amp;G RL-DY 91200 White\/Paper.<\/p>\n<p>Kompatibilen LT trak za Dymo 12267 \/ S0721530 \/ LT-100H, LT-100T, LT-110T, QX 50, XR, XM, 2000 plasti\u010den 12mm x 4m (1\/2&#8243; x 13&#8243;) &#8211; \u010drn izpis \/ prozoren trak za tiskalnike: Dymo LetraTag LT-100H, LT-100T, LT-110T, QX 50, XR, XM, 2000<\/p>\n<p>&nbsp;<\/p>\n<table id=\"product-attribute-specs-table\" class=\"data-table\">\n<tbody>\n<tr class=\"first odd\">\n<th class=\"label\">Tip<\/th>\n<td class=\"data last\">kompatibilen<\/td>\n<\/tr>\n<tr class=\"even\">\n<th class=\"label\">Vrsta<\/th>\n<td class=\"data last\">TZ-trak 12mm<\/td>\n<\/tr>\n<tr class=\"last odd\">\n<th class=\"label\">Barva<\/th>\n<td class=\"data last\">\u010drn izpis \/ prozoren trak<\/td>\n<\/tr>\n<\/tbody>\n<\/table>\n","protected":false},"featured_media":15323,"comment_status":"open","ping_status":"closed","template":"","meta":[],"product_brand":[],"product_cat":[15],"product_tag":[],"class_list":{"0":"post-15322","1":"product","2":"type-product","3":"status-publish","4":"has-post-thumbnail","6":"product_cat-uncategorized","8":"first","9":"instock","10":"taxable","11":"shipping-taxable","12":"purchasable","13":"product-type-simple"},"yoast_head":"<!-- This site is optimized with the Yoast SEO plugin v27.3 - https:\/\/yoast.com\/product\/yoast-seo-wordpress\/ -->\n<title>DYMO Etiketni tiskalnik ro\u010dni raznobarvni | Elektronika Nagli\u010d<\/title>\n<meta name=\"description\" content=\"DYMO Etiketni tiskalnik ro\u010dni raznobarvni Kompatibilen LT trak za Dymo 12267 \/ S0721530 \/ LT-100H, LT-100T, LT-110T, QX 50, XR, XM, 2000...\" \/>\n<meta name=\"robots\" content=\"index, follow, max-snippet:-1, max-image-preview:large, max-video-preview:-1\" \/>\n<link rel=\"canonical\" href=\"https:\/\/www.naglic.si\/izdelek\/dymo-etiketni-tiskalnik-rocni-raznobarvni\/\" \/>\n<meta property=\"og:locale\" content=\"en_US\" \/>\n<meta property=\"og:type\" content=\"article\" \/>\n<meta property=\"og:title\" content=\"DYMO Etiketni tiskalnik ro\u010dni raznobarvni | Elektronika Nagli\u010d\" \/>\n<meta property=\"og:description\" content=\"DYMO Etiketni tiskalnik ro\u010dni raznobarvni Kompatibilen LT trak za Dymo 12267 \/ S0721530 \/ LT-100H, LT-100T, LT-110T, QX 50, XR, XM, 2000...\" \/>\n<meta property=\"og:url\" content=\"https:\/\/www.naglic.si\/izdelek\/dymo-etiketni-tiskalnik-rocni-raznobarvni\/\" \/>\n<meta property=\"og:site_name\" content=\"Elektronika Nagli\u010d\" \/>\n<meta property=\"article:modified_time\" content=\"2025-11-07T10:18:56+00:00\" \/>\n<meta property=\"og:image\" content=\"https:\/\/www.naglic.si\/wp-content\/uploads\/2025\/11\/dymo_12267_-_s0721530.jpg\" \/>\n\t<meta property=\"og:image:width\" content=\"425\" \/>\n\t<meta property=\"og:image:height\" content=\"425\" \/>\n\t<meta property=\"og:image:type\" content=\"image\/jpeg\" \/>\n<meta name=\"twitter:card\" content=\"summary_large_image\" \/>\n<script type=\"application\/ld+json\" class=\"yoast-schema-graph\">{\"@context\":\"https:\\\/\\\/schema.org\",\"@graph\":[{\"@type\":\"WebPage\",\"@id\":\"https:\\\/\\\/www.naglic.si\\\/izdelek\\\/dymo-etiketni-tiskalnik-rocni-raznobarvni\\\/\",\"url\":\"https:\\\/\\\/www.naglic.si\\\/izdelek\\\/dymo-etiketni-tiskalnik-rocni-raznobarvni\\\/\",\"name\":\"DYMO Etiketni tiskalnik ro\u010dni raznobarvni | Elektronika Nagli\u010d\",\"isPartOf\":{\"@id\":\"https:\\\/\\\/www.naglic.si\\\/#website\"},\"primaryImageOfPage\":{\"@id\":\"https:\\\/\\\/www.naglic.si\\\/izdelek\\\/dymo-etiketni-tiskalnik-rocni-raznobarvni\\\/#primaryimage\"},\"image\":{\"@id\":\"https:\\\/\\\/www.naglic.si\\\/izdelek\\\/dymo-etiketni-tiskalnik-rocni-raznobarvni\\\/#primaryimage\"},\"thumbnailUrl\":\"https:\\\/\\\/www.naglic.si\\\/wp-content\\\/uploads\\\/2025\\\/11\\\/dymo_12267_-_s0721530.jpg\",\"datePublished\":\"2025-11-07T10:16:40+00:00\",\"dateModified\":\"2025-11-07T10:18:56+00:00\",\"description\":\"DYMO Etiketni tiskalnik ro\u010dni raznobarvni Kompatibilen LT trak za Dymo 12267 \\\/ S0721530 \\\/ LT-100H, LT-100T, LT-110T, QX 50, XR, XM, 2000...\",\"breadcrumb\":{\"@id\":\"https:\\\/\\\/www.naglic.si\\\/izdelek\\\/dymo-etiketni-tiskalnik-rocni-raznobarvni\\\/#breadcrumb\"},\"inLanguage\":\"en-US\",\"potentialAction\":[{\"@type\":\"ReadAction\",\"target\":[\"https:\\\/\\\/www.naglic.si\\\/izdelek\\\/dymo-etiketni-tiskalnik-rocni-raznobarvni\\\/\"]}]},{\"@type\":\"ImageObject\",\"inLanguage\":\"en-US\",\"@id\":\"https:\\\/\\\/www.naglic.si\\\/izdelek\\\/dymo-etiketni-tiskalnik-rocni-raznobarvni\\\/#primaryimage\",\"url\":\"https:\\\/\\\/www.naglic.si\\\/wp-content\\\/uploads\\\/2025\\\/11\\\/dymo_12267_-_s0721530.jpg\",\"contentUrl\":\"https:\\\/\\\/www.naglic.si\\\/wp-content\\\/uploads\\\/2025\\\/11\\\/dymo_12267_-_s0721530.jpg\",\"width\":425,\"height\":425},{\"@type\":\"BreadcrumbList\",\"@id\":\"https:\\\/\\\/www.naglic.si\\\/izdelek\\\/dymo-etiketni-tiskalnik-rocni-raznobarvni\\\/#breadcrumb\",\"itemListElement\":[{\"@type\":\"ListItem\",\"position\":1,\"name\":\"Home\",\"item\":\"https:\\\/\\\/www.naglic.si\\\/en\\\/\"},{\"@type\":\"ListItem\",\"position\":2,\"name\":\"Shop\",\"item\":\"https:\\\/\\\/www.naglic.si\\\/shop\\\/\"},{\"@type\":\"ListItem\",\"position\":3,\"name\":\"Uncategorized\",\"item\":\"https:\\\/\\\/www.naglic.si\\\/kategorija-izdelka\\\/uncategorized\\\/\"},{\"@type\":\"ListItem\",\"position\":4,\"name\":\"DYMO Etiketni tiskalnik ro\u010dni raznobarvni\"}]},{\"@type\":\"WebSite\",\"@id\":\"https:\\\/\\\/www.naglic.si\\\/#website\",\"url\":\"https:\\\/\\\/www.naglic.si\\\/\",\"name\":\"Elektronika Nagli\u010d\",\"description\":\"\u0160e eno spleti\u0161\u010de WordPress\",\"potentialAction\":[{\"@type\":\"SearchAction\",\"target\":{\"@type\":\"EntryPoint\",\"urlTemplate\":\"https:\\\/\\\/www.naglic.si\\\/?s={search_term_string}\"},\"query-input\":{\"@type\":\"PropertyValueSpecification\",\"valueRequired\":true,\"valueName\":\"search_term_string\"}}],\"inLanguage\":\"en-US\"}]}<\/script>\n<!-- \/ Yoast SEO plugin. -->","yoast_head_json":{"title":"DYMO Etiketni tiskalnik ro\u010dni raznobarvni | Elektronika Nagli\u010d","description":"DYMO Etiketni tiskalnik ro\u010dni raznobarvni Kompatibilen LT trak za Dymo 12267 \/ S0721530 \/ LT-100H, LT-100T, LT-110T, QX 50, XR, XM, 2000...","robots":{"index":"index","follow":"follow","max-snippet":"max-snippet:-1","max-image-preview":"max-image-preview:large","max-video-preview":"max-video-preview:-1"},"canonical":"https:\/\/www.naglic.si\/izdelek\/dymo-etiketni-tiskalnik-rocni-raznobarvni\/","og_locale":"en_US","og_type":"article","og_title":"DYMO Etiketni tiskalnik ro\u010dni raznobarvni | Elektronika Nagli\u010d","og_description":"DYMO Etiketni tiskalnik ro\u010dni raznobarvni Kompatibilen LT trak za Dymo 12267 \/ S0721530 \/ LT-100H, LT-100T, LT-110T, QX 50, XR, XM, 2000...","og_url":"https:\/\/www.naglic.si\/izdelek\/dymo-etiketni-tiskalnik-rocni-raznobarvni\/","og_site_name":"Elektronika Nagli\u010d","article_modified_time":"2025-11-07T10:18:56+00:00","og_image":[{"width":425,"height":425,"url":"https:\/\/www.naglic.si\/wp-content\/uploads\/2025\/11\/dymo_12267_-_s0721530.jpg","type":"image\/jpeg"}],"twitter_card":"summary_large_image","schema":{"@context":"https:\/\/schema.org","@graph":[{"@type":"WebPage","@id":"https:\/\/www.naglic.si\/izdelek\/dymo-etiketni-tiskalnik-rocni-raznobarvni\/","url":"https:\/\/www.naglic.si\/izdelek\/dymo-etiketni-tiskalnik-rocni-raznobarvni\/","name":"DYMO Etiketni tiskalnik ro\u010dni raznobarvni | Elektronika Nagli\u010d","isPartOf":{"@id":"https:\/\/www.naglic.si\/#website"},"primaryImageOfPage":{"@id":"https:\/\/www.naglic.si\/izdelek\/dymo-etiketni-tiskalnik-rocni-raznobarvni\/#primaryimage"},"image":{"@id":"https:\/\/www.naglic.si\/izdelek\/dymo-etiketni-tiskalnik-rocni-raznobarvni\/#primaryimage"},"thumbnailUrl":"https:\/\/www.naglic.si\/wp-content\/uploads\/2025\/11\/dymo_12267_-_s0721530.jpg","datePublished":"2025-11-07T10:16:40+00:00","dateModified":"2025-11-07T10:18:56+00:00","description":"DYMO Etiketni tiskalnik ro\u010dni raznobarvni Kompatibilen LT trak za Dymo 12267 \/ S0721530 \/ LT-100H, LT-100T, LT-110T, QX 50, XR, XM, 2000...","breadcrumb":{"@id":"https:\/\/www.naglic.si\/izdelek\/dymo-etiketni-tiskalnik-rocni-raznobarvni\/#breadcrumb"},"inLanguage":"en-US","potentialAction":[{"@type":"ReadAction","target":["https:\/\/www.naglic.si\/izdelek\/dymo-etiketni-tiskalnik-rocni-raznobarvni\/"]}]},{"@type":"ImageObject","inLanguage":"en-US","@id":"https:\/\/www.naglic.si\/izdelek\/dymo-etiketni-tiskalnik-rocni-raznobarvni\/#primaryimage","url":"https:\/\/www.naglic.si\/wp-content\/uploads\/2025\/11\/dymo_12267_-_s0721530.jpg","contentUrl":"https:\/\/www.naglic.si\/wp-content\/uploads\/2025\/11\/dymo_12267_-_s0721530.jpg","width":425,"height":425},{"@type":"BreadcrumbList","@id":"https:\/\/www.naglic.si\/izdelek\/dymo-etiketni-tiskalnik-rocni-raznobarvni\/#breadcrumb","itemListElement":[{"@type":"ListItem","position":1,"name":"Home","item":"https:\/\/www.naglic.si\/en\/"},{"@type":"ListItem","position":2,"name":"Shop","item":"https:\/\/www.naglic.si\/shop\/"},{"@type":"ListItem","position":3,"name":"Uncategorized","item":"https:\/\/www.naglic.si\/kategorija-izdelka\/uncategorized\/"},{"@type":"ListItem","position":4,"name":"DYMO Etiketni tiskalnik ro\u010dni raznobarvni"}]},{"@type":"WebSite","@id":"https:\/\/www.naglic.si\/#website","url":"https:\/\/www.naglic.si\/","name":"Elektronika Nagli\u010d","description":"\u0160e eno spleti\u0161\u010de WordPress","potentialAction":[{"@type":"SearchAction","target":{"@type":"EntryPoint","urlTemplate":"https:\/\/www.naglic.si\/?s={search_term_string}"},"query-input":{"@type":"PropertyValueSpecification","valueRequired":true,"valueName":"search_term_string"}}],"inLanguage":"en-US"}]}},"_links":{"self":[{"href":"https:\/\/www.naglic.si\/en\/wp-json\/wp\/v2\/product\/15322","targetHints":{"allow":["GET"]}}],"collection":[{"href":"https:\/\/www.naglic.si\/en\/wp-json\/wp\/v2\/product"}],"about":[{"href":"https:\/\/www.naglic.si\/en\/wp-json\/wp\/v2\/types\/product"}],"replies":[{"embeddable":true,"href":"https:\/\/www.naglic.si\/en\/wp-json\/wp\/v2\/comments?post=15322"}],"wp:featuredmedia":[{"embeddable":true,"href":"https:\/\/www.naglic.si\/en\/wp-json\/wp\/v2\/media\/15323"}],"wp:attachment":[{"href":"https:\/\/www.naglic.si\/en\/wp-json\/wp\/v2\/media?parent=15322"}],"wp:term":[{"taxonomy":"product_brand","embeddable":true,"href":"https:\/\/www.naglic.si\/en\/wp-json\/wp\/v2\/product_brand?post=15322"},{"taxonomy":"product_cat","embeddable":true,"href":"https:\/\/www.naglic.si\/en\/wp-json\/wp\/v2\/product_cat?post=15322"},{"taxonomy":"product_tag","embeddable":true,"href":"https:\/\/www.naglic.si\/en\/wp-json\/wp\/v2\/product_tag?post=15322"}],"curies":[{"name":"wp","href":"https:\/\/api.w.org\/{rel}","templated":true}]}}