{"id":12851,"date":"2021-07-14T10:16:08","date_gmt":"2021-07-14T10:16:08","guid":{"rendered":"https:\/\/www.naglic.si\/izdelek\/motorola-antenna-id-band-purple\/"},"modified":"2023-07-07T09:38:39","modified_gmt":"2023-07-07T09:38:39","slug":"motorola-antenna-id-band-purple","status":"publish","type":"product","link":"https:\/\/www.naglic.si\/en\/izdelek\/motorola-antenna-id-band-purple\/","title":{"rendered":"Motorola Antenna ID Band (Purple)"},"content":{"rendered":"","protected":false},"excerpt":{"rendered":"<p><span style=\"color: #999999;\">Item number: 32012144005<\/span><\/p>\n<p><span class=\"subHeader\"><b>Motorola Antenna ID Band (Purple)<\/b><\/span><\/p>\n<ul>\n<li>These Antenna ID bands are packed in a poly bag, each bag contains 10 units<\/li>\n<li>Color: Purple<\/li>\n<\/ul>\n","protected":false},"featured_media":8455,"comment_status":"closed","ping_status":"closed","template":"","meta":[],"product_brand":[],"product_cat":[576],"product_tag":[],"class_list":{"0":"post-12851","1":"product","2":"type-product","3":"status-publish","4":"has-post-thumbnail","6":"product_cat-uncategorized-en","8":"first","9":"instock","10":"taxable","11":"shipping-taxable","12":"purchasable","13":"product-type-simple"},"yoast_head":"<!-- This site is optimized with the Yoast SEO plugin v27.3 - https:\/\/yoast.com\/product\/yoast-seo-wordpress\/ -->\n<title>Motorola Antenna ID Band (Purple) | Elektronika Nagli\u010d<\/title>\n<meta name=\"description\" content=\"Motorola Antenna ID Band (Purple): These Antenna ID bands are packed in a poly bag, each bag contains 10 units. Color: Purple\" \/>\n<meta name=\"robots\" content=\"index, follow, max-snippet:-1, max-image-preview:large, max-video-preview:-1\" \/>\n<link rel=\"canonical\" href=\"https:\/\/www.naglic.si\/izdelek\/motorola-antenna-id-band-purple\/\" \/>\n<meta property=\"og:locale\" content=\"en_US\" \/>\n<meta property=\"og:type\" content=\"article\" \/>\n<meta property=\"og:title\" content=\"Motorola Antenna ID Band (Purple) | Elektronika Nagli\u010d\" \/>\n<meta property=\"og:description\" content=\"Motorola Antenna ID Band (Purple): These Antenna ID bands are packed in a poly bag, each bag contains 10 units. Color: Purple\" \/>\n<meta property=\"og:url\" content=\"https:\/\/www.naglic.si\/izdelek\/motorola-antenna-id-band-purple\/\" \/>\n<meta property=\"og:site_name\" content=\"Elektronika Nagli\u010d\" \/>\n<meta property=\"article:modified_time\" content=\"2023-07-07T09:38:39+00:00\" \/>\n<meta property=\"og:image\" content=\"https:\/\/www.naglic.si\/wp-content\/uploads\/2021\/07\/32012144005.jpg\" \/>\n\t<meta property=\"og:image:width\" content=\"500\" \/>\n\t<meta property=\"og:image:height\" content=\"500\" \/>\n\t<meta property=\"og:image:type\" content=\"image\/jpeg\" \/>\n<meta name=\"twitter:card\" content=\"summary_large_image\" \/>\n<script type=\"application\/ld+json\" class=\"yoast-schema-graph\">{\"@context\":\"https:\\\/\\\/schema.org\",\"@graph\":[{\"@type\":\"WebPage\",\"@id\":\"https:\\\/\\\/www.naglic.si\\\/izdelek\\\/motorola-antenna-id-band-purple\\\/\",\"url\":\"https:\\\/\\\/www.naglic.si\\\/izdelek\\\/motorola-antenna-id-band-purple\\\/\",\"name\":\"Motorola Antenna ID Band (Purple) | Elektronika Nagli\u010d\",\"isPartOf\":{\"@id\":\"https:\\\/\\\/www.naglic.si\\\/#website\"},\"primaryImageOfPage\":{\"@id\":\"https:\\\/\\\/www.naglic.si\\\/izdelek\\\/motorola-antenna-id-band-purple\\\/#primaryimage\"},\"image\":{\"@id\":\"https:\\\/\\\/www.naglic.si\\\/izdelek\\\/motorola-antenna-id-band-purple\\\/#primaryimage\"},\"thumbnailUrl\":\"https:\\\/\\\/www.naglic.si\\\/wp-content\\\/uploads\\\/2021\\\/07\\\/32012144005.jpg\",\"datePublished\":\"2021-07-14T10:16:08+00:00\",\"dateModified\":\"2023-07-07T09:38:39+00:00\",\"description\":\"Motorola Antenna ID Band (Purple): These Antenna ID bands are packed in a poly bag, each bag contains 10 units. Color: Purple\",\"breadcrumb\":{\"@id\":\"https:\\\/\\\/www.naglic.si\\\/izdelek\\\/motorola-antenna-id-band-purple\\\/#breadcrumb\"},\"inLanguage\":\"en-US\",\"potentialAction\":[{\"@type\":\"ReadAction\",\"target\":[\"https:\\\/\\\/www.naglic.si\\\/izdelek\\\/motorola-antenna-id-band-purple\\\/\"]}]},{\"@type\":\"ImageObject\",\"inLanguage\":\"en-US\",\"@id\":\"https:\\\/\\\/www.naglic.si\\\/izdelek\\\/motorola-antenna-id-band-purple\\\/#primaryimage\",\"url\":\"https:\\\/\\\/www.naglic.si\\\/wp-content\\\/uploads\\\/2021\\\/07\\\/32012144005.jpg\",\"contentUrl\":\"https:\\\/\\\/www.naglic.si\\\/wp-content\\\/uploads\\\/2021\\\/07\\\/32012144005.jpg\",\"width\":500,\"height\":500,\"caption\":\"Motorola Antenna ID Band (Purple)\"},{\"@type\":\"BreadcrumbList\",\"@id\":\"https:\\\/\\\/www.naglic.si\\\/izdelek\\\/motorola-antenna-id-band-purple\\\/#breadcrumb\",\"itemListElement\":[{\"@type\":\"ListItem\",\"position\":1,\"name\":\"Home\",\"item\":\"https:\\\/\\\/www.naglic.si\\\/en\\\/\"},{\"@type\":\"ListItem\",\"position\":2,\"name\":\"Shop\",\"item\":\"https:\\\/\\\/www.naglic.si\\\/shop\\\/\"},{\"@type\":\"ListItem\",\"position\":3,\"name\":\"Uncategorized\",\"item\":\"https:\\\/\\\/www.naglic.si\\\/kategorija-izdelka\\\/uncategorized\\\/\"},{\"@type\":\"ListItem\",\"position\":4,\"name\":\"Motorola Antenna ID Band (Purple)\"}]},{\"@type\":\"WebSite\",\"@id\":\"https:\\\/\\\/www.naglic.si\\\/#website\",\"url\":\"https:\\\/\\\/www.naglic.si\\\/\",\"name\":\"Elektronika Nagli\u010d\",\"description\":\"\u0160e eno spleti\u0161\u010de WordPress\",\"potentialAction\":[{\"@type\":\"SearchAction\",\"target\":{\"@type\":\"EntryPoint\",\"urlTemplate\":\"https:\\\/\\\/www.naglic.si\\\/?s={search_term_string}\"},\"query-input\":{\"@type\":\"PropertyValueSpecification\",\"valueRequired\":true,\"valueName\":\"search_term_string\"}}],\"inLanguage\":\"en-US\"}]}<\/script>\n<!-- \/ Yoast SEO plugin. -->","yoast_head_json":{"title":"Motorola Antenna ID Band (Purple) | Elektronika Nagli\u010d","description":"Motorola Antenna ID Band (Purple): These Antenna ID bands are packed in a poly bag, each bag contains 10 units. Color: Purple","robots":{"index":"index","follow":"follow","max-snippet":"max-snippet:-1","max-image-preview":"max-image-preview:large","max-video-preview":"max-video-preview:-1"},"canonical":"https:\/\/www.naglic.si\/izdelek\/motorola-antenna-id-band-purple\/","og_locale":"en_US","og_type":"article","og_title":"Motorola Antenna ID Band (Purple) | Elektronika Nagli\u010d","og_description":"Motorola Antenna ID Band (Purple): These Antenna ID bands are packed in a poly bag, each bag contains 10 units. Color: Purple","og_url":"https:\/\/www.naglic.si\/izdelek\/motorola-antenna-id-band-purple\/","og_site_name":"Elektronika Nagli\u010d","article_modified_time":"2023-07-07T09:38:39+00:00","og_image":[{"width":500,"height":500,"url":"https:\/\/www.naglic.si\/wp-content\/uploads\/2021\/07\/32012144005.jpg","type":"image\/jpeg"}],"twitter_card":"summary_large_image","schema":{"@context":"https:\/\/schema.org","@graph":[{"@type":"WebPage","@id":"https:\/\/www.naglic.si\/izdelek\/motorola-antenna-id-band-purple\/","url":"https:\/\/www.naglic.si\/izdelek\/motorola-antenna-id-band-purple\/","name":"Motorola Antenna ID Band (Purple) | Elektronika Nagli\u010d","isPartOf":{"@id":"https:\/\/www.naglic.si\/#website"},"primaryImageOfPage":{"@id":"https:\/\/www.naglic.si\/izdelek\/motorola-antenna-id-band-purple\/#primaryimage"},"image":{"@id":"https:\/\/www.naglic.si\/izdelek\/motorola-antenna-id-band-purple\/#primaryimage"},"thumbnailUrl":"https:\/\/www.naglic.si\/wp-content\/uploads\/2021\/07\/32012144005.jpg","datePublished":"2021-07-14T10:16:08+00:00","dateModified":"2023-07-07T09:38:39+00:00","description":"Motorola Antenna ID Band (Purple): These Antenna ID bands are packed in a poly bag, each bag contains 10 units. Color: Purple","breadcrumb":{"@id":"https:\/\/www.naglic.si\/izdelek\/motorola-antenna-id-band-purple\/#breadcrumb"},"inLanguage":"en-US","potentialAction":[{"@type":"ReadAction","target":["https:\/\/www.naglic.si\/izdelek\/motorola-antenna-id-band-purple\/"]}]},{"@type":"ImageObject","inLanguage":"en-US","@id":"https:\/\/www.naglic.si\/izdelek\/motorola-antenna-id-band-purple\/#primaryimage","url":"https:\/\/www.naglic.si\/wp-content\/uploads\/2021\/07\/32012144005.jpg","contentUrl":"https:\/\/www.naglic.si\/wp-content\/uploads\/2021\/07\/32012144005.jpg","width":500,"height":500,"caption":"Motorola Antenna ID Band (Purple)"},{"@type":"BreadcrumbList","@id":"https:\/\/www.naglic.si\/izdelek\/motorola-antenna-id-band-purple\/#breadcrumb","itemListElement":[{"@type":"ListItem","position":1,"name":"Home","item":"https:\/\/www.naglic.si\/en\/"},{"@type":"ListItem","position":2,"name":"Shop","item":"https:\/\/www.naglic.si\/shop\/"},{"@type":"ListItem","position":3,"name":"Uncategorized","item":"https:\/\/www.naglic.si\/kategorija-izdelka\/uncategorized\/"},{"@type":"ListItem","position":4,"name":"Motorola Antenna ID Band (Purple)"}]},{"@type":"WebSite","@id":"https:\/\/www.naglic.si\/#website","url":"https:\/\/www.naglic.si\/","name":"Elektronika Nagli\u010d","description":"\u0160e eno spleti\u0161\u010de WordPress","potentialAction":[{"@type":"SearchAction","target":{"@type":"EntryPoint","urlTemplate":"https:\/\/www.naglic.si\/?s={search_term_string}"},"query-input":{"@type":"PropertyValueSpecification","valueRequired":true,"valueName":"search_term_string"}}],"inLanguage":"en-US"}]}},"_links":{"self":[{"href":"https:\/\/www.naglic.si\/en\/wp-json\/wp\/v2\/product\/12851","targetHints":{"allow":["GET"]}}],"collection":[{"href":"https:\/\/www.naglic.si\/en\/wp-json\/wp\/v2\/product"}],"about":[{"href":"https:\/\/www.naglic.si\/en\/wp-json\/wp\/v2\/types\/product"}],"replies":[{"embeddable":true,"href":"https:\/\/www.naglic.si\/en\/wp-json\/wp\/v2\/comments?post=12851"}],"wp:featuredmedia":[{"embeddable":true,"href":"https:\/\/www.naglic.si\/en\/wp-json\/wp\/v2\/media\/8455"}],"wp:attachment":[{"href":"https:\/\/www.naglic.si\/en\/wp-json\/wp\/v2\/media?parent=12851"}],"wp:term":[{"taxonomy":"product_brand","embeddable":true,"href":"https:\/\/www.naglic.si\/en\/wp-json\/wp\/v2\/product_brand?post=12851"},{"taxonomy":"product_cat","embeddable":true,"href":"https:\/\/www.naglic.si\/en\/wp-json\/wp\/v2\/product_cat?post=12851"},{"taxonomy":"product_tag","embeddable":true,"href":"https:\/\/www.naglic.si\/en\/wp-json\/wp\/v2\/product_tag?post=12851"}],"curies":[{"name":"wp","href":"https:\/\/api.w.org\/{rel}","templated":true}]}}