{"id":12691,"date":"2021-07-14T10:16:42","date_gmt":"2021-07-14T10:16:42","guid":{"rendered":"https:\/\/www.naglic.si\/izdelek\/ntn8821a-motorola-commport-maintenance-kit\/"},"modified":"2021-07-14T10:16:42","modified_gmt":"2021-07-14T10:16:42","slug":"ntn8821a-motorola-commport-maintenance-kit","status":"publish","type":"product","link":"https:\/\/www.naglic.si\/en\/izdelek\/ntn8821a-motorola-commport-maintenance-kit\/","title":{"rendered":"NTN8821A Motorola COMMPORT MAINTENANCE KIT"},"content":{"rendered":"","protected":false},"excerpt":{"rendered":"<p><span style=\"color: #999999;\">Katalo\u0161ka \u0161tevilka: NTN8821A<\/span><\/p>\n<p><span class=\"subHeader\"><b>Motorola COMMPORT MAINTENANCE KIT<\/b><\/span><\/p>\n<ul>\n<li>CommPort Maintenance Kit &#8211; includes Replacement Ear Tubes (qty 10), Windscreens (qty 2) and Microphone Seal Strips (qty 10)<\/li>\n<\/ul>\n","protected":false},"featured_media":8732,"comment_status":"closed","ping_status":"closed","template":"","meta":[],"product_brand":[],"product_cat":[576],"product_tag":[],"class_list":{"0":"post-12691","1":"product","2":"type-product","3":"status-publish","4":"has-post-thumbnail","6":"product_cat-uncategorized-en","8":"first","9":"instock","10":"taxable","11":"shipping-taxable","12":"purchasable","13":"product-type-simple"},"yoast_head":"<!-- This site is optimized with the Yoast SEO plugin v27.3 - https:\/\/yoast.com\/product\/yoast-seo-wordpress\/ -->\n<title>NTN8821A Motorola COMMPORT MAINTENANCE KIT | Nagli\u010d<\/title>\n<meta name=\"description\" content=\"NTN8821A Motorola COMMPORT MAINTENANCE KIT: CommPort Maintenance Kit-includes Replacement Ear Tubes Windscreens and Microphone Seal Strips\" \/>\n<meta name=\"robots\" content=\"index, follow, max-snippet:-1, max-image-preview:large, max-video-preview:-1\" \/>\n<link rel=\"canonical\" href=\"https:\/\/www.naglic.si\/izdelek\/slusalke-motorola-solutions-ntn8821a-servisni-deli\/\" \/>\n<meta property=\"og:locale\" content=\"en_US\" \/>\n<meta property=\"og:type\" content=\"article\" \/>\n<meta property=\"og:title\" content=\"NTN8821A Motorola COMMPORT MAINTENANCE KIT | Nagli\u010d\" \/>\n<meta property=\"og:description\" content=\"NTN8821A Motorola COMMPORT MAINTENANCE KIT: CommPort Maintenance Kit-includes Replacement Ear Tubes Windscreens and Microphone Seal Strips\" \/>\n<meta property=\"og:url\" content=\"https:\/\/www.naglic.si\/izdelek\/slusalke-motorola-solutions-ntn8821a-servisni-deli\/\" \/>\n<meta property=\"og:site_name\" content=\"Elektronika Nagli\u010d\" \/>\n<meta property=\"og:image\" content=\"https:\/\/www.naglic.si\/wp-content\/uploads\/2021\/07\/NTN8821A.jpg\" \/>\n\t<meta property=\"og:image:width\" content=\"1000\" \/>\n\t<meta property=\"og:image:height\" content=\"1000\" \/>\n\t<meta property=\"og:image:type\" content=\"image\/jpeg\" \/>\n<meta name=\"twitter:card\" content=\"summary_large_image\" \/>\n<script type=\"application\/ld+json\" class=\"yoast-schema-graph\">{\"@context\":\"https:\\\/\\\/schema.org\",\"@graph\":[{\"@type\":\"WebPage\",\"@id\":\"https:\\\/\\\/www.naglic.si\\\/izdelek\\\/slusalke-motorola-solutions-ntn8821a-servisni-deli\\\/\",\"url\":\"https:\\\/\\\/www.naglic.si\\\/izdelek\\\/slusalke-motorola-solutions-ntn8821a-servisni-deli\\\/\",\"name\":\"NTN8821A Motorola COMMPORT MAINTENANCE KIT | Nagli\u010d\",\"isPartOf\":{\"@id\":\"https:\\\/\\\/www.naglic.si\\\/#website\"},\"primaryImageOfPage\":{\"@id\":\"https:\\\/\\\/www.naglic.si\\\/izdelek\\\/slusalke-motorola-solutions-ntn8821a-servisni-deli\\\/#primaryimage\"},\"image\":{\"@id\":\"https:\\\/\\\/www.naglic.si\\\/izdelek\\\/slusalke-motorola-solutions-ntn8821a-servisni-deli\\\/#primaryimage\"},\"thumbnailUrl\":\"https:\\\/\\\/www.naglic.si\\\/wp-content\\\/uploads\\\/2021\\\/07\\\/NTN8821A.jpg\",\"datePublished\":\"2021-07-14T10:16:42+00:00\",\"description\":\"NTN8821A Motorola COMMPORT MAINTENANCE KIT: CommPort Maintenance Kit-includes Replacement Ear Tubes Windscreens and Microphone Seal Strips\",\"breadcrumb\":{\"@id\":\"https:\\\/\\\/www.naglic.si\\\/izdelek\\\/slusalke-motorola-solutions-ntn8821a-servisni-deli\\\/#breadcrumb\"},\"inLanguage\":\"en-US\",\"potentialAction\":[{\"@type\":\"ReadAction\",\"target\":[\"https:\\\/\\\/www.naglic.si\\\/izdelek\\\/slusalke-motorola-solutions-ntn8821a-servisni-deli\\\/\"]}]},{\"@type\":\"ImageObject\",\"inLanguage\":\"en-US\",\"@id\":\"https:\\\/\\\/www.naglic.si\\\/izdelek\\\/slusalke-motorola-solutions-ntn8821a-servisni-deli\\\/#primaryimage\",\"url\":\"https:\\\/\\\/www.naglic.si\\\/wp-content\\\/uploads\\\/2021\\\/07\\\/NTN8821A.jpg\",\"contentUrl\":\"https:\\\/\\\/www.naglic.si\\\/wp-content\\\/uploads\\\/2021\\\/07\\\/NTN8821A.jpg\",\"width\":1000,\"height\":1000,\"caption\":\"NTN8821A Motorola COMMPORT MAINTENANCE KIT\"},{\"@type\":\"BreadcrumbList\",\"@id\":\"https:\\\/\\\/www.naglic.si\\\/izdelek\\\/slusalke-motorola-solutions-ntn8821a-servisni-deli\\\/#breadcrumb\",\"itemListElement\":[{\"@type\":\"ListItem\",\"position\":1,\"name\":\"Home\",\"item\":\"https:\\\/\\\/www.naglic.si\\\/en\\\/\"},{\"@type\":\"ListItem\",\"position\":2,\"name\":\"Shop\",\"item\":\"https:\\\/\\\/www.naglic.si\\\/shop\\\/\"},{\"@type\":\"ListItem\",\"position\":3,\"name\":\"Uncategorized\",\"item\":\"https:\\\/\\\/www.naglic.si\\\/kategorija-izdelka\\\/uncategorized\\\/\"},{\"@type\":\"ListItem\",\"position\":4,\"name\":\"NTN8821A Motorola COMMPORT MAINTENANCE KIT\"}]},{\"@type\":\"WebSite\",\"@id\":\"https:\\\/\\\/www.naglic.si\\\/#website\",\"url\":\"https:\\\/\\\/www.naglic.si\\\/\",\"name\":\"Elektronika Nagli\u010d\",\"description\":\"\u0160e eno spleti\u0161\u010de WordPress\",\"potentialAction\":[{\"@type\":\"SearchAction\",\"target\":{\"@type\":\"EntryPoint\",\"urlTemplate\":\"https:\\\/\\\/www.naglic.si\\\/?s={search_term_string}\"},\"query-input\":{\"@type\":\"PropertyValueSpecification\",\"valueRequired\":true,\"valueName\":\"search_term_string\"}}],\"inLanguage\":\"en-US\"}]}<\/script>\n<!-- \/ Yoast SEO plugin. -->","yoast_head_json":{"title":"NTN8821A Motorola COMMPORT MAINTENANCE KIT | Nagli\u010d","description":"NTN8821A Motorola COMMPORT MAINTENANCE KIT: CommPort Maintenance Kit-includes Replacement Ear Tubes Windscreens and Microphone Seal Strips","robots":{"index":"index","follow":"follow","max-snippet":"max-snippet:-1","max-image-preview":"max-image-preview:large","max-video-preview":"max-video-preview:-1"},"canonical":"https:\/\/www.naglic.si\/izdelek\/slusalke-motorola-solutions-ntn8821a-servisni-deli\/","og_locale":"en_US","og_type":"article","og_title":"NTN8821A Motorola COMMPORT MAINTENANCE KIT | Nagli\u010d","og_description":"NTN8821A Motorola COMMPORT MAINTENANCE KIT: CommPort Maintenance Kit-includes Replacement Ear Tubes Windscreens and Microphone Seal Strips","og_url":"https:\/\/www.naglic.si\/izdelek\/slusalke-motorola-solutions-ntn8821a-servisni-deli\/","og_site_name":"Elektronika Nagli\u010d","og_image":[{"width":1000,"height":1000,"url":"https:\/\/www.naglic.si\/wp-content\/uploads\/2021\/07\/NTN8821A.jpg","type":"image\/jpeg"}],"twitter_card":"summary_large_image","schema":{"@context":"https:\/\/schema.org","@graph":[{"@type":"WebPage","@id":"https:\/\/www.naglic.si\/izdelek\/slusalke-motorola-solutions-ntn8821a-servisni-deli\/","url":"https:\/\/www.naglic.si\/izdelek\/slusalke-motorola-solutions-ntn8821a-servisni-deli\/","name":"NTN8821A Motorola COMMPORT MAINTENANCE KIT | Nagli\u010d","isPartOf":{"@id":"https:\/\/www.naglic.si\/#website"},"primaryImageOfPage":{"@id":"https:\/\/www.naglic.si\/izdelek\/slusalke-motorola-solutions-ntn8821a-servisni-deli\/#primaryimage"},"image":{"@id":"https:\/\/www.naglic.si\/izdelek\/slusalke-motorola-solutions-ntn8821a-servisni-deli\/#primaryimage"},"thumbnailUrl":"https:\/\/www.naglic.si\/wp-content\/uploads\/2021\/07\/NTN8821A.jpg","datePublished":"2021-07-14T10:16:42+00:00","description":"NTN8821A Motorola COMMPORT MAINTENANCE KIT: CommPort Maintenance Kit-includes Replacement Ear Tubes Windscreens and Microphone Seal Strips","breadcrumb":{"@id":"https:\/\/www.naglic.si\/izdelek\/slusalke-motorola-solutions-ntn8821a-servisni-deli\/#breadcrumb"},"inLanguage":"en-US","potentialAction":[{"@type":"ReadAction","target":["https:\/\/www.naglic.si\/izdelek\/slusalke-motorola-solutions-ntn8821a-servisni-deli\/"]}]},{"@type":"ImageObject","inLanguage":"en-US","@id":"https:\/\/www.naglic.si\/izdelek\/slusalke-motorola-solutions-ntn8821a-servisni-deli\/#primaryimage","url":"https:\/\/www.naglic.si\/wp-content\/uploads\/2021\/07\/NTN8821A.jpg","contentUrl":"https:\/\/www.naglic.si\/wp-content\/uploads\/2021\/07\/NTN8821A.jpg","width":1000,"height":1000,"caption":"NTN8821A Motorola COMMPORT MAINTENANCE KIT"},{"@type":"BreadcrumbList","@id":"https:\/\/www.naglic.si\/izdelek\/slusalke-motorola-solutions-ntn8821a-servisni-deli\/#breadcrumb","itemListElement":[{"@type":"ListItem","position":1,"name":"Home","item":"https:\/\/www.naglic.si\/en\/"},{"@type":"ListItem","position":2,"name":"Shop","item":"https:\/\/www.naglic.si\/shop\/"},{"@type":"ListItem","position":3,"name":"Uncategorized","item":"https:\/\/www.naglic.si\/kategorija-izdelka\/uncategorized\/"},{"@type":"ListItem","position":4,"name":"NTN8821A Motorola COMMPORT MAINTENANCE KIT"}]},{"@type":"WebSite","@id":"https:\/\/www.naglic.si\/#website","url":"https:\/\/www.naglic.si\/","name":"Elektronika Nagli\u010d","description":"\u0160e eno spleti\u0161\u010de WordPress","potentialAction":[{"@type":"SearchAction","target":{"@type":"EntryPoint","urlTemplate":"https:\/\/www.naglic.si\/?s={search_term_string}"},"query-input":{"@type":"PropertyValueSpecification","valueRequired":true,"valueName":"search_term_string"}}],"inLanguage":"en-US"}]}},"_links":{"self":[{"href":"https:\/\/www.naglic.si\/en\/wp-json\/wp\/v2\/product\/12691","targetHints":{"allow":["GET"]}}],"collection":[{"href":"https:\/\/www.naglic.si\/en\/wp-json\/wp\/v2\/product"}],"about":[{"href":"https:\/\/www.naglic.si\/en\/wp-json\/wp\/v2\/types\/product"}],"replies":[{"embeddable":true,"href":"https:\/\/www.naglic.si\/en\/wp-json\/wp\/v2\/comments?post=12691"}],"wp:featuredmedia":[{"embeddable":true,"href":"https:\/\/www.naglic.si\/en\/wp-json\/wp\/v2\/media\/8732"}],"wp:attachment":[{"href":"https:\/\/www.naglic.si\/en\/wp-json\/wp\/v2\/media?parent=12691"}],"wp:term":[{"taxonomy":"product_brand","embeddable":true,"href":"https:\/\/www.naglic.si\/en\/wp-json\/wp\/v2\/product_brand?post=12691"},{"taxonomy":"product_cat","embeddable":true,"href":"https:\/\/www.naglic.si\/en\/wp-json\/wp\/v2\/product_cat?post=12691"},{"taxonomy":"product_tag","embeddable":true,"href":"https:\/\/www.naglic.si\/en\/wp-json\/wp\/v2\/product_tag?post=12691"}],"curies":[{"name":"wp","href":"https:\/\/api.w.org\/{rel}","templated":true}]}}