{"id":12690,"date":"2021-07-14T10:16:42","date_gmt":"2021-07-14T10:16:42","guid":{"rendered":"https:\/\/www.naglic.si\/izdelek\/ntn7374ar-motorola-power-cable-europlug\/"},"modified":"2021-07-14T10:16:42","modified_gmt":"2021-07-14T10:16:42","slug":"ntn7374ar-motorola-power-cable-europlug","status":"publish","type":"product","link":"https:\/\/www.naglic.si\/en\/izdelek\/ntn7374ar-motorola-power-cable-europlug\/","title":{"rendered":"NTN7374AR &#8211; Motorola Power Cable (EuroPlug)"},"content":{"rendered":"","protected":false},"excerpt":{"rendered":"<p><span style=\"color: #999999;\">Katalo\u0161ka \u0161tevilka: NTN7374AR<\/span><\/p>\n<p><span class=\"subHeader\"><b>Motorola Power Cable (Euro Plug)<\/b><\/span><\/p>\n<ul>\n<li>Power cable with Euro plug.<\/li>\n<\/ul>\n","protected":false},"featured_media":8728,"comment_status":"closed","ping_status":"closed","template":"","meta":[],"product_brand":[],"product_cat":[576],"product_tag":[],"class_list":{"0":"post-12690","1":"product","2":"type-product","3":"status-publish","4":"has-post-thumbnail","6":"product_cat-uncategorized-en","8":"first","9":"instock","10":"taxable","11":"shipping-taxable","12":"purchasable","13":"product-type-simple"},"yoast_head":"<!-- This site is optimized with the Yoast SEO plugin v27.3 - https:\/\/yoast.com\/product\/yoast-seo-wordpress\/ -->\n<title>NTN7374AR - Motorola Power Cable (EuroPlug) | Elektronika Nagli\u010d<\/title>\n<meta name=\"description\" content=\"NTN7374AR - Motorola Power Cable (EuroPlug): Power cable with Euro plug. Compatible with MOTOROLA mobile DR3000, GM300 radios.\" \/>\n<meta name=\"robots\" content=\"index, follow, max-snippet:-1, max-image-preview:large, max-video-preview:-1\" \/>\n<link rel=\"canonical\" href=\"https:\/\/www.naglic.si\/izdelek\/napajalni-kabel-motorola-solutions-ntn7374ar-euro\/\" \/>\n<meta property=\"og:locale\" content=\"en_US\" \/>\n<meta property=\"og:type\" content=\"article\" \/>\n<meta property=\"og:title\" content=\"NTN7374AR - Motorola Power Cable (EuroPlug) | Elektronika Nagli\u010d\" \/>\n<meta property=\"og:description\" content=\"NTN7374AR - Motorola Power Cable (EuroPlug): Power cable with Euro plug. Compatible with MOTOROLA mobile DR3000, GM300 radios.\" \/>\n<meta property=\"og:url\" content=\"https:\/\/www.naglic.si\/izdelek\/napajalni-kabel-motorola-solutions-ntn7374ar-euro\/\" \/>\n<meta property=\"og:site_name\" content=\"Elektronika Nagli\u010d\" \/>\n<meta property=\"og:image\" content=\"https:\/\/www.naglic.si\/wp-content\/uploads\/2021\/07\/NTN7374AR.jpg\" \/>\n\t<meta property=\"og:image:width\" content=\"1898\" \/>\n\t<meta property=\"og:image:height\" content=\"881\" \/>\n\t<meta property=\"og:image:type\" content=\"image\/jpeg\" \/>\n<meta name=\"twitter:card\" content=\"summary_large_image\" \/>\n<script type=\"application\/ld+json\" class=\"yoast-schema-graph\">{\"@context\":\"https:\\\/\\\/schema.org\",\"@graph\":[{\"@type\":\"WebPage\",\"@id\":\"https:\\\/\\\/www.naglic.si\\\/izdelek\\\/napajalni-kabel-motorola-solutions-ntn7374ar-euro\\\/\",\"url\":\"https:\\\/\\\/www.naglic.si\\\/izdelek\\\/napajalni-kabel-motorola-solutions-ntn7374ar-euro\\\/\",\"name\":\"NTN7374AR - Motorola Power Cable (EuroPlug) | Elektronika Nagli\u010d\",\"isPartOf\":{\"@id\":\"https:\\\/\\\/www.naglic.si\\\/#website\"},\"primaryImageOfPage\":{\"@id\":\"https:\\\/\\\/www.naglic.si\\\/izdelek\\\/napajalni-kabel-motorola-solutions-ntn7374ar-euro\\\/#primaryimage\"},\"image\":{\"@id\":\"https:\\\/\\\/www.naglic.si\\\/izdelek\\\/napajalni-kabel-motorola-solutions-ntn7374ar-euro\\\/#primaryimage\"},\"thumbnailUrl\":\"https:\\\/\\\/www.naglic.si\\\/wp-content\\\/uploads\\\/2021\\\/07\\\/NTN7374AR.jpg\",\"datePublished\":\"2021-07-14T10:16:42+00:00\",\"description\":\"NTN7374AR - Motorola Power Cable (EuroPlug): Power cable with Euro plug. Compatible with MOTOROLA mobile DR3000, GM300 radios.\",\"breadcrumb\":{\"@id\":\"https:\\\/\\\/www.naglic.si\\\/izdelek\\\/napajalni-kabel-motorola-solutions-ntn7374ar-euro\\\/#breadcrumb\"},\"inLanguage\":\"en-US\",\"potentialAction\":[{\"@type\":\"ReadAction\",\"target\":[\"https:\\\/\\\/www.naglic.si\\\/izdelek\\\/napajalni-kabel-motorola-solutions-ntn7374ar-euro\\\/\"]}]},{\"@type\":\"ImageObject\",\"inLanguage\":\"en-US\",\"@id\":\"https:\\\/\\\/www.naglic.si\\\/izdelek\\\/napajalni-kabel-motorola-solutions-ntn7374ar-euro\\\/#primaryimage\",\"url\":\"https:\\\/\\\/www.naglic.si\\\/wp-content\\\/uploads\\\/2021\\\/07\\\/NTN7374AR.jpg\",\"contentUrl\":\"https:\\\/\\\/www.naglic.si\\\/wp-content\\\/uploads\\\/2021\\\/07\\\/NTN7374AR.jpg\",\"width\":1898,\"height\":881,\"caption\":\"NTN7374AR - Motorola Power Cable (EuroPlug)\"},{\"@type\":\"BreadcrumbList\",\"@id\":\"https:\\\/\\\/www.naglic.si\\\/izdelek\\\/napajalni-kabel-motorola-solutions-ntn7374ar-euro\\\/#breadcrumb\",\"itemListElement\":[{\"@type\":\"ListItem\",\"position\":1,\"name\":\"Home\",\"item\":\"https:\\\/\\\/www.naglic.si\\\/en\\\/\"},{\"@type\":\"ListItem\",\"position\":2,\"name\":\"Shop\",\"item\":\"https:\\\/\\\/www.naglic.si\\\/shop\\\/\"},{\"@type\":\"ListItem\",\"position\":3,\"name\":\"Uncategorized\",\"item\":\"https:\\\/\\\/www.naglic.si\\\/kategorija-izdelka\\\/uncategorized\\\/\"},{\"@type\":\"ListItem\",\"position\":4,\"name\":\"NTN7374AR &#8211; Motorola Power Cable (EuroPlug)\"}]},{\"@type\":\"WebSite\",\"@id\":\"https:\\\/\\\/www.naglic.si\\\/#website\",\"url\":\"https:\\\/\\\/www.naglic.si\\\/\",\"name\":\"Elektronika Nagli\u010d\",\"description\":\"\u0160e eno spleti\u0161\u010de WordPress\",\"potentialAction\":[{\"@type\":\"SearchAction\",\"target\":{\"@type\":\"EntryPoint\",\"urlTemplate\":\"https:\\\/\\\/www.naglic.si\\\/?s={search_term_string}\"},\"query-input\":{\"@type\":\"PropertyValueSpecification\",\"valueRequired\":true,\"valueName\":\"search_term_string\"}}],\"inLanguage\":\"en-US\"}]}<\/script>\n<!-- \/ Yoast SEO plugin. -->","yoast_head_json":{"title":"NTN7374AR - Motorola Power Cable (EuroPlug) | Elektronika Nagli\u010d","description":"NTN7374AR - Motorola Power Cable (EuroPlug): Power cable with Euro plug. Compatible with MOTOROLA mobile DR3000, GM300 radios.","robots":{"index":"index","follow":"follow","max-snippet":"max-snippet:-1","max-image-preview":"max-image-preview:large","max-video-preview":"max-video-preview:-1"},"canonical":"https:\/\/www.naglic.si\/izdelek\/napajalni-kabel-motorola-solutions-ntn7374ar-euro\/","og_locale":"en_US","og_type":"article","og_title":"NTN7374AR - Motorola Power Cable (EuroPlug) | Elektronika Nagli\u010d","og_description":"NTN7374AR - Motorola Power Cable (EuroPlug): Power cable with Euro plug. Compatible with MOTOROLA mobile DR3000, GM300 radios.","og_url":"https:\/\/www.naglic.si\/izdelek\/napajalni-kabel-motorola-solutions-ntn7374ar-euro\/","og_site_name":"Elektronika Nagli\u010d","og_image":[{"width":1898,"height":881,"url":"https:\/\/www.naglic.si\/wp-content\/uploads\/2021\/07\/NTN7374AR.jpg","type":"image\/jpeg"}],"twitter_card":"summary_large_image","schema":{"@context":"https:\/\/schema.org","@graph":[{"@type":"WebPage","@id":"https:\/\/www.naglic.si\/izdelek\/napajalni-kabel-motorola-solutions-ntn7374ar-euro\/","url":"https:\/\/www.naglic.si\/izdelek\/napajalni-kabel-motorola-solutions-ntn7374ar-euro\/","name":"NTN7374AR - Motorola Power Cable (EuroPlug) | Elektronika Nagli\u010d","isPartOf":{"@id":"https:\/\/www.naglic.si\/#website"},"primaryImageOfPage":{"@id":"https:\/\/www.naglic.si\/izdelek\/napajalni-kabel-motorola-solutions-ntn7374ar-euro\/#primaryimage"},"image":{"@id":"https:\/\/www.naglic.si\/izdelek\/napajalni-kabel-motorola-solutions-ntn7374ar-euro\/#primaryimage"},"thumbnailUrl":"https:\/\/www.naglic.si\/wp-content\/uploads\/2021\/07\/NTN7374AR.jpg","datePublished":"2021-07-14T10:16:42+00:00","description":"NTN7374AR - Motorola Power Cable (EuroPlug): Power cable with Euro plug. Compatible with MOTOROLA mobile DR3000, GM300 radios.","breadcrumb":{"@id":"https:\/\/www.naglic.si\/izdelek\/napajalni-kabel-motorola-solutions-ntn7374ar-euro\/#breadcrumb"},"inLanguage":"en-US","potentialAction":[{"@type":"ReadAction","target":["https:\/\/www.naglic.si\/izdelek\/napajalni-kabel-motorola-solutions-ntn7374ar-euro\/"]}]},{"@type":"ImageObject","inLanguage":"en-US","@id":"https:\/\/www.naglic.si\/izdelek\/napajalni-kabel-motorola-solutions-ntn7374ar-euro\/#primaryimage","url":"https:\/\/www.naglic.si\/wp-content\/uploads\/2021\/07\/NTN7374AR.jpg","contentUrl":"https:\/\/www.naglic.si\/wp-content\/uploads\/2021\/07\/NTN7374AR.jpg","width":1898,"height":881,"caption":"NTN7374AR - Motorola Power Cable (EuroPlug)"},{"@type":"BreadcrumbList","@id":"https:\/\/www.naglic.si\/izdelek\/napajalni-kabel-motorola-solutions-ntn7374ar-euro\/#breadcrumb","itemListElement":[{"@type":"ListItem","position":1,"name":"Home","item":"https:\/\/www.naglic.si\/en\/"},{"@type":"ListItem","position":2,"name":"Shop","item":"https:\/\/www.naglic.si\/shop\/"},{"@type":"ListItem","position":3,"name":"Uncategorized","item":"https:\/\/www.naglic.si\/kategorija-izdelka\/uncategorized\/"},{"@type":"ListItem","position":4,"name":"NTN7374AR &#8211; Motorola Power Cable (EuroPlug)"}]},{"@type":"WebSite","@id":"https:\/\/www.naglic.si\/#website","url":"https:\/\/www.naglic.si\/","name":"Elektronika Nagli\u010d","description":"\u0160e eno spleti\u0161\u010de WordPress","potentialAction":[{"@type":"SearchAction","target":{"@type":"EntryPoint","urlTemplate":"https:\/\/www.naglic.si\/?s={search_term_string}"},"query-input":{"@type":"PropertyValueSpecification","valueRequired":true,"valueName":"search_term_string"}}],"inLanguage":"en-US"}]}},"_links":{"self":[{"href":"https:\/\/www.naglic.si\/en\/wp-json\/wp\/v2\/product\/12690","targetHints":{"allow":["GET"]}}],"collection":[{"href":"https:\/\/www.naglic.si\/en\/wp-json\/wp\/v2\/product"}],"about":[{"href":"https:\/\/www.naglic.si\/en\/wp-json\/wp\/v2\/types\/product"}],"replies":[{"embeddable":true,"href":"https:\/\/www.naglic.si\/en\/wp-json\/wp\/v2\/comments?post=12690"}],"wp:featuredmedia":[{"embeddable":true,"href":"https:\/\/www.naglic.si\/en\/wp-json\/wp\/v2\/media\/8728"}],"wp:attachment":[{"href":"https:\/\/www.naglic.si\/en\/wp-json\/wp\/v2\/media?parent=12690"}],"wp:term":[{"taxonomy":"product_brand","embeddable":true,"href":"https:\/\/www.naglic.si\/en\/wp-json\/wp\/v2\/product_brand?post=12690"},{"taxonomy":"product_cat","embeddable":true,"href":"https:\/\/www.naglic.si\/en\/wp-json\/wp\/v2\/product_cat?post=12690"},{"taxonomy":"product_tag","embeddable":true,"href":"https:\/\/www.naglic.si\/en\/wp-json\/wp\/v2\/product_tag?post=12690"}],"curies":[{"name":"wp","href":"https:\/\/api.w.org\/{rel}","templated":true}]}}