{"id":11210,"date":"2021-04-22T11:51:58","date_gmt":"2021-04-22T10:51:58","guid":{"rendered":"https:\/\/www.naglic.si\/novice\/"},"modified":"2021-08-06T09:22:20","modified_gmt":"2021-08-06T09:22:20","slug":"news","status":"publish","type":"page","link":"https:\/\/www.naglic.si\/en\/news\/","title":{"rendered":"News"},"content":{"rendered":"<div class=\"wpb-content-wrapper\"><p>[vc_row full_width=&#8221;stretch_row_content_no_spaces&#8221;][vc_column]        \r\n        <div class=\"title-banner\">\r\n         \r\n\r\n            <div class=\"title-banner-image-container\" style=\"background-image: url('https:\/\/www.naglic.si\/wp-content\/themes\/ns-template\/img\/page_title_back.jpg');\">\r\n            <div class=\"container\">\r\n              <div class=\"row\">\r\n                <div class=\"col\">\r\n                              <h1>News<\/h1>\r\n                            <\/div>\r\n              <\/div>\r\n              <\/div>\r\n            <\/div>\r\n          \r\n        \r\n            <div class=\"container\"> \r\n              <div class=\"breadcrumbs-container\">\r\n                <div class=\"breadcrumbs\">\r\n                  <p id=\"breadcrumbs\"><span><span><a href=\"https:\/\/www.naglic.si\/en\/\">Home<\/a><\/span><\/span><\/p>                  <div class=\"clearfix\"><\/div>\r\n                <\/div>\r\n              <\/div>\r\n            <\/div>\r\n        \r\n        <\/div>\r\n        \r\n        [\/vc_column][\/vc_row][vc_row][vc_column]<div class=\"loop-container  ns-novice-container\"><p>novica ne obstaja<\/p><\/div>[\/vc_column][\/vc_row]<\/p>\n<\/div>","protected":false},"excerpt":{"rendered":"<p>[vc_row full_width=&#8221;stretch_row_content_no_spaces&#8221;][vc_column][\/vc_column][\/vc_row][vc_row][vc_column][\/vc_column][\/vc_row]<\/p>\n","protected":false},"author":1,"featured_media":0,"parent":0,"menu_order":8,"comment_status":"closed","ping_status":"closed","template":"","meta":{"footnotes":""},"class_list":["post-11210","page","type-page","status-publish","hentry"],"yoast_head":"<!-- This site is optimized with the Yoast SEO plugin v27.3 - https:\/\/yoast.com\/product\/yoast-seo-wordpress\/ -->\n<title>News | Elektronika Nagli\u010d<\/title>\n<meta name=\"robots\" content=\"index, follow, max-snippet:-1, max-image-preview:large, max-video-preview:-1\" \/>\n<link rel=\"canonical\" href=\"https:\/\/www.naglic.si\/novice\/\" \/>\n<meta property=\"og:locale\" content=\"en_US\" \/>\n<meta property=\"og:type\" content=\"article\" \/>\n<meta property=\"og:title\" content=\"News | Elektronika Nagli\u010d\" \/>\n<meta property=\"og:url\" content=\"https:\/\/www.naglic.si\/novice\/\" \/>\n<meta property=\"og:site_name\" content=\"Elektronika Nagli\u010d\" \/>\n<meta property=\"article:modified_time\" content=\"2021-08-06T09:22:20+00:00\" \/>\n<meta name=\"twitter:card\" content=\"summary_large_image\" \/>\n<meta name=\"twitter:label1\" content=\"Est. reading time\" \/>\n\t<meta name=\"twitter:data1\" content=\"1 minute\" \/>\n<script type=\"application\/ld+json\" class=\"yoast-schema-graph\">{\"@context\":\"https:\\\/\\\/schema.org\",\"@graph\":[{\"@type\":\"WebPage\",\"@id\":\"https:\\\/\\\/www.naglic.si\\\/novice\\\/\",\"url\":\"https:\\\/\\\/www.naglic.si\\\/novice\\\/\",\"name\":\"News | Elektronika Nagli\u010d\",\"isPartOf\":{\"@id\":\"https:\\\/\\\/www.naglic.si\\\/#website\"},\"datePublished\":\"2021-04-22T10:51:58+00:00\",\"dateModified\":\"2021-08-06T09:22:20+00:00\",\"breadcrumb\":{\"@id\":\"https:\\\/\\\/www.naglic.si\\\/novice\\\/#breadcrumb\"},\"inLanguage\":\"en-US\",\"potentialAction\":[{\"@type\":\"ReadAction\",\"target\":[\"https:\\\/\\\/www.naglic.si\\\/novice\\\/\"]}]},{\"@type\":\"BreadcrumbList\",\"@id\":\"https:\\\/\\\/www.naglic.si\\\/novice\\\/#breadcrumb\",\"itemListElement\":[{\"@type\":\"ListItem\",\"position\":1,\"name\":\"Home\",\"item\":\"https:\\\/\\\/www.naglic.si\\\/en\\\/\"},{\"@type\":\"ListItem\",\"position\":2,\"name\":\"News\"}]},{\"@type\":\"WebSite\",\"@id\":\"https:\\\/\\\/www.naglic.si\\\/#website\",\"url\":\"https:\\\/\\\/www.naglic.si\\\/\",\"name\":\"Elektronika Nagli\u010d\",\"description\":\"\u0160e eno spleti\u0161\u010de WordPress\",\"potentialAction\":[{\"@type\":\"SearchAction\",\"target\":{\"@type\":\"EntryPoint\",\"urlTemplate\":\"https:\\\/\\\/www.naglic.si\\\/?s={search_term_string}\"},\"query-input\":{\"@type\":\"PropertyValueSpecification\",\"valueRequired\":true,\"valueName\":\"search_term_string\"}}],\"inLanguage\":\"en-US\"}]}<\/script>\n<!-- \/ Yoast SEO plugin. -->","yoast_head_json":{"title":"News | Elektronika Nagli\u010d","robots":{"index":"index","follow":"follow","max-snippet":"max-snippet:-1","max-image-preview":"max-image-preview:large","max-video-preview":"max-video-preview:-1"},"canonical":"https:\/\/www.naglic.si\/novice\/","og_locale":"en_US","og_type":"article","og_title":"News | Elektronika Nagli\u010d","og_url":"https:\/\/www.naglic.si\/novice\/","og_site_name":"Elektronika Nagli\u010d","article_modified_time":"2021-08-06T09:22:20+00:00","twitter_card":"summary_large_image","twitter_misc":{"Est. reading time":"1 minute"},"schema":{"@context":"https:\/\/schema.org","@graph":[{"@type":"WebPage","@id":"https:\/\/www.naglic.si\/novice\/","url":"https:\/\/www.naglic.si\/novice\/","name":"News | Elektronika Nagli\u010d","isPartOf":{"@id":"https:\/\/www.naglic.si\/#website"},"datePublished":"2021-04-22T10:51:58+00:00","dateModified":"2021-08-06T09:22:20+00:00","breadcrumb":{"@id":"https:\/\/www.naglic.si\/novice\/#breadcrumb"},"inLanguage":"en-US","potentialAction":[{"@type":"ReadAction","target":["https:\/\/www.naglic.si\/novice\/"]}]},{"@type":"BreadcrumbList","@id":"https:\/\/www.naglic.si\/novice\/#breadcrumb","itemListElement":[{"@type":"ListItem","position":1,"name":"Home","item":"https:\/\/www.naglic.si\/en\/"},{"@type":"ListItem","position":2,"name":"News"}]},{"@type":"WebSite","@id":"https:\/\/www.naglic.si\/#website","url":"https:\/\/www.naglic.si\/","name":"Elektronika Nagli\u010d","description":"\u0160e eno spleti\u0161\u010de WordPress","potentialAction":[{"@type":"SearchAction","target":{"@type":"EntryPoint","urlTemplate":"https:\/\/www.naglic.si\/?s={search_term_string}"},"query-input":{"@type":"PropertyValueSpecification","valueRequired":true,"valueName":"search_term_string"}}],"inLanguage":"en-US"}]}},"_links":{"self":[{"href":"https:\/\/www.naglic.si\/en\/wp-json\/wp\/v2\/pages\/11210","targetHints":{"allow":["GET"]}}],"collection":[{"href":"https:\/\/www.naglic.si\/en\/wp-json\/wp\/v2\/pages"}],"about":[{"href":"https:\/\/www.naglic.si\/en\/wp-json\/wp\/v2\/types\/page"}],"author":[{"embeddable":true,"href":"https:\/\/www.naglic.si\/en\/wp-json\/wp\/v2\/users\/1"}],"replies":[{"embeddable":true,"href":"https:\/\/www.naglic.si\/en\/wp-json\/wp\/v2\/comments?post=11210"}],"version-history":[{"count":2,"href":"https:\/\/www.naglic.si\/en\/wp-json\/wp\/v2\/pages\/11210\/revisions"}],"predecessor-version":[{"id":11222,"href":"https:\/\/www.naglic.si\/en\/wp-json\/wp\/v2\/pages\/11210\/revisions\/11222"}],"wp:attachment":[{"href":"https:\/\/www.naglic.si\/en\/wp-json\/wp\/v2\/media?parent=11210"}],"curies":[{"name":"wp","href":"https:\/\/api.w.org\/{rel}","templated":true}]}}