{"id":11208,"date":"2021-04-20T11:24:18","date_gmt":"2021-04-20T10:24:18","guid":{"rendered":"https:\/\/www.naglic.si\/kontakt\/"},"modified":"2026-03-30T08:57:26","modified_gmt":"2026-03-30T08:57:26","slug":"contact","status":"publish","type":"page","link":"https:\/\/www.naglic.si\/en\/contact\/","title":{"rendered":"Contact"},"content":{"rendered":"<div class=\"wpb-content-wrapper\"><p>[vc_row full_width=&#8221;stretch_row_content_no_spaces&#8221;][vc_column]        \r\n        <div class=\"title-banner\">\r\n         \r\n\r\n            <div class=\"title-banner-image-container\" style=\"background-image: url('https:\/\/www.naglic.si\/wp-content\/themes\/ns-template\/img\/page_title_back.jpg');\">\r\n            <div class=\"container\">\r\n              <div class=\"row\">\r\n                <div class=\"col\">\r\n                              <h1>Contact<\/h1>\r\n                            <\/div>\r\n              <\/div>\r\n              <\/div>\r\n            <\/div>\r\n          \r\n        \r\n            <div class=\"container\"> \r\n              <div class=\"breadcrumbs-container\">\r\n                <div class=\"breadcrumbs\">\r\n                  <p id=\"breadcrumbs\"><span><span><a href=\"https:\/\/www.naglic.si\/en\/\">Home<\/a><\/span><\/span><\/p>                  <div class=\"clearfix\"><\/div>\r\n                <\/div>\r\n              <\/div>\r\n            <\/div>\r\n        \r\n        <\/div>\r\n        \r\n        [\/vc_column][\/vc_row][vc_row el_class=&#8221;ns-kontakt-row&#8221;][vc_column el_class=&#8221;ns-kontakt-info-column&#8221; offset=&#8221;vc_col-lg-4 vc_col-md-4&#8243;][vc_column_text]<\/p>\n<h3>Elektronika Nagli\u010d d.o.o.<\/h3>\n<p>[\/vc_column_text]\t\t\n\t\t<div class=\"ns-cwi-container \">\n\t\t\t<div class=\"ns-cwi-icon\">\n               <i class=\"fa fa-map-marker\" aria-hidden=\"true\"><\/i>\t\t\t<\/div>\n\t\t\t<div class=\"ns-cwi-content\">\n                Gori\u010dica pri Ihanu 44<br \/>\n1230 Dom\u017eale\t\t\t<\/div>\n\t\t<\/div>\n\n\n\t\t[vc_separator color=&#8221;custom&#8221; accent_color=&#8221;#f1f1f1&#8243;]\t\t\n\t\t<div class=\"ns-cwi-container \">\n\t\t\t<div class=\"ns-cwi-icon\">\n               <i class=\"fa fa-phone\" aria-hidden=\"true\"><\/i>\t\t\t<\/div>\n\t\t\t<div class=\"ns-cwi-content\">\n                <a href=\"tel:0038664244408\">064 244 408<\/a>\t\t\t<\/div>\n\t\t<\/div>\n\n\n\t\t[vc_separator color=&#8221;custom&#8221; accent_color=&#8221;#f1f1f1&#8243;]\t\t\n\t\t<div class=\"ns-cwi-container \">\n\t\t\t<div class=\"ns-cwi-icon\">\n               <i class=\"fa fa-envelope-o\" aria-hidden=\"true\"><\/i>\t\t\t<\/div>\n\t\t\t<div class=\"ns-cwi-content\">\n                <a href=\"ma&#105;&#x6c;&#x74;o:i&#110;&#x66;&#x6f;&#64;na&#103;&#x6c;&#x69;c.&#115;&#x69;\">&#x69;n&#x66;&#x6f;&#64;&#x6e;&#97;g&#x6c;&#105;c&#x2e;s&#x69;<\/a>\t\t\t<\/div>\n\t\t<\/div>\n\n\n\t\t[\/vc_column][vc_column offset=&#8221;vc_col-lg-8 vc_col-md-8&#8243;]\n<div class=\"wpcf7 no-js\" id=\"wpcf7-f12917-o1\" lang=\"sl-SI\" dir=\"ltr\" data-wpcf7-id=\"12917\">\n<div class=\"screen-reader-response\"><p role=\"status\" aria-live=\"polite\" aria-atomic=\"true\"><\/p> <ul><\/ul><\/div>\n<form action=\"\/en\/wp-json\/wp\/v2\/pages\/11208#wpcf7-f12917-o1\" method=\"post\" class=\"wpcf7-form init\" aria-label=\"Contact form\" novalidate=\"novalidate\" data-status=\"init\">\n<fieldset class=\"hidden-fields-container\"><input type=\"hidden\" name=\"_wpcf7\" value=\"12917\" \/><input type=\"hidden\" name=\"_wpcf7_version\" value=\"6.1.5\" \/><input type=\"hidden\" name=\"_wpcf7_locale\" value=\"sl_SI\" \/><input type=\"hidden\" name=\"_wpcf7_unit_tag\" value=\"wpcf7-f12917-o1\" \/><input type=\"hidden\" name=\"_wpcf7_container_post\" value=\"0\" \/><input type=\"hidden\" name=\"_wpcf7_posted_data_hash\" value=\"\" \/><input type=\"hidden\" name=\"_wpcf7cf_hidden_group_fields\" value=\"[]\" \/><input type=\"hidden\" name=\"_wpcf7cf_hidden_groups\" value=\"[]\" \/><input type=\"hidden\" name=\"_wpcf7cf_visible_groups\" value=\"[]\" \/><input type=\"hidden\" name=\"_wpcf7cf_repeaters\" value=\"[]\" \/><input type=\"hidden\" name=\"_wpcf7cf_steps\" value=\"{}\" \/><input type=\"hidden\" name=\"_wpcf7cf_options\" value=\"{&quot;form_id&quot;:12917,&quot;conditions&quot;:[],&quot;settings&quot;:{&quot;animation&quot;:&quot;no&quot;,&quot;animation_intime&quot;:&quot;200&quot;,&quot;animation_outtime&quot;:&quot;200&quot;,&quot;conditions_ui&quot;:&quot;normal&quot;,&quot;notice_dismissed&quot;:&quot;&quot;}}\" \/><input type=\"hidden\" name=\"_wpcf7_recaptcha_response\" value=\"\" \/>\n<\/fieldset>\n<div class=\"kontobrazec\">\n\t<h2>Contact form\n\t<\/h2>\n\t<p>Contact us and we will reply shortly.\n\t<\/p>\n\t<div class=\"row\">\n\t\t<div class=\"col-md-12\">\n\t\t\t<div class=\"kont-povpr-izd-title\">\n\t\t\t\t<div>\n\t\t\t\t\t<p>Interested in:\n\t\t\t\t\t<\/p>\n\t\t\t\t<\/div>\n\t\t\t\t<p><span class=\"wpcf7-form-control-wrap\" data-name=\"prod\"><input size=\"40\" maxlength=\"400\" class=\"wpcf7-form-control wpcf7-text\" readonly=\"readonly\" aria-invalid=\"false\" value=\"\" type=\"text\" name=\"prod\" \/><\/span>\n\t\t\t\t<\/p>\n\t\t\t<\/div>\n\t\t\t<p><span class=\"wpcf7-form-control-wrap\" data-name=\"your-name\"><input size=\"40\" maxlength=\"400\" class=\"wpcf7-form-control wpcf7-text wpcf7-validates-as-required\" aria-required=\"true\" aria-invalid=\"false\" placeholder=\"First and Last name *\" value=\"\" type=\"text\" name=\"your-name\" \/><\/span>\n\t\t\t<\/p>\n\t\t\t<p><span class=\"wpcf7-form-control-wrap\" data-name=\"your-email\"><input size=\"40\" maxlength=\"400\" class=\"wpcf7-form-control wpcf7-email wpcf7-validates-as-required wpcf7-text wpcf7-validates-as-email\" aria-required=\"true\" aria-invalid=\"false\" placeholder=\"E-mail *\" value=\"\" type=\"email\" name=\"your-email\" \/><\/span>\n\t\t\t<\/p>\n\t\t\t<p><span class=\"wpcf7-form-control-wrap\" data-name=\"your-phone\"><input size=\"40\" maxlength=\"400\" class=\"wpcf7-form-control wpcf7-text\" aria-invalid=\"false\" placeholder=\"Telephone\" value=\"\" type=\"text\" name=\"your-phone\" \/><\/span>\n\t\t\t<\/p>\n\t\t\t<p><span class=\"wpcf7-form-control-wrap\" data-name=\"your-message\"><textarea cols=\"40\" rows=\"10\" maxlength=\"2000\" class=\"wpcf7-form-control wpcf7-textarea wpcf7-validates-as-required\" aria-required=\"true\" aria-invalid=\"false\" placeholder=\"Message *\" name=\"your-message\"><\/textarea><\/span>\n\t\t\t<\/p>\n\t\t\t<p>Fields marked with <span style=\"color:#0156D3;font-weight:400;\">*<\/span> are required!\n\t\t\t<\/p>\n\t\t<\/div>\n\t<\/div>\n\t<p><span class=\"wpcf7-form-control-wrap\" data-name=\"your-consent\"><span class=\"wpcf7-form-control wpcf7-acceptance\"><span class=\"wpcf7-list-item\"><label><input type=\"checkbox\" name=\"your-consent\" value=\"1\" aria-invalid=\"false\" \/><span class=\"wpcf7-list-item-label\">I agree that Elektronika Nagli\u010d d.o.o. keeps personal data on the form for internal use and communication with me for the purposes of the proposed requirements. The user may request the deletion of personal data by e-mail <a href=\"&#x6d;&#x61;&#x69;&#x6c;&#x74;&#x6f;&#x3a;&#x69;&#x6e;&#x66;&#x6f;&#64;&#110;&#97;&#103;lic.si\">info&#64;n&#97;&#103;&#108;&#x69;&#x63;&#x2e;&#x73;&#x69;<\/a>.<\/span><\/label><\/span><\/span><\/span>\n\t<\/p>\n\t<p><button id=\"submit\" class=\"wpcf7-form-control wpcf7-submit btn-primary btn btn-contact-form\">SEND MESSAGE<\/button>\n\t<\/p>\n<\/div><div class=\"wpcf7-response-output\" aria-hidden=\"true\"><\/div>\n<\/form>\n<\/div>\n[\/vc_column][\/vc_row][vc_row][vc_column][vc_column_text]<\/p>\n<table class=\"table table-striped table-hover\">\n<tbody>\n<tr>\n<td width=\"430\"><strong>Company name:<\/strong><\/td>\n<td>Elektronika Nagli\u010d d.o.o.<\/td>\n<\/tr>\n<tr>\n<td width=\"430\"><strong>Business address:<\/strong><\/td>\n<td>Gori\u010dica pri Ihanu 44, 1230 Dom\u017eale<\/td>\n<\/tr>\n<tr>\n<td width=\"430\"><strong>Telephone office:<\/strong><\/td>\n<td>00386 1 72 92 660<\/p>\n<p>00386 64 244 408<\/td>\n<\/tr>\n<tr>\n<td width=\"430\"><strong>Email office:<\/strong><\/td>\n<td><a href=\"m&#97;&#x69;&#x6c;t&#111;&#x3a;&#x69;n&#102;&#x6f;&#x40;n&#97;&#x67;&#x6c;i&#99;&#x2e;&#x73;i\">inf&#111;&#64;&#x6e;&#x61;&#x67;&#x6c;ic.&#115;&#105;<\/a><\/td>\n<\/tr>\n<tr>\n<td width=\"430\"><strong>VAT number:<\/strong><\/td>\n<td>SI98598821<\/td>\n<\/tr>\n<tr>\n<td width=\"430\"><strong>Registration number:<\/strong><\/td>\n<td>585839900<\/td>\n<\/tr>\n<tr>\n<td width=\"430\"><strong>SKD number:<\/strong><\/td>\n<td>C.26.300<\/td>\n<\/tr>\n<tr>\n<td width=\"430\"><strong>IBAN, SWIFT, Bank name:<\/strong><\/td>\n<td>SI56 0230 2009 0481 323, LJBASI2X, Nova Ljubljanska Banka d.d.<\/td>\n<\/tr>\n<tr>\n<td width=\"430\"><strong>Submission number:<\/strong><\/td>\n<td>1\/25996\/00<\/td>\n<\/tr>\n<tr>\n<td width=\"430\"><strong>Founder, Owner:<\/strong><\/td>\n<td>Miroslav Nagli\u010d, <a href=\"&#x6d;a&#x69;l&#x74;&#111;:&#x6d;i&#x72;&#111;s&#x6c;a&#x76;&#64;n&#x61;g&#x6c;i&#x63;&#x2e;s&#x69;\">miro&#115;&#108;&#x61;&#x76;&#x40;&#x6e;&#x61;glic&#46;&#115;&#x69;<\/a><\/td>\n<\/tr>\n<tr>\n<td width=\"430\"><strong>CEO:<\/strong><\/td>\n<td>Natalija Pungar\u0161ek, <a href=\"&#x6d;&#97;i&#x6c;&#116;o&#x3a;&#x6e;a&#x74;&#x61;&#108;i&#x6a;&#97;&#64;&#x6e;&#x61;g&#x6c;&#x69;&#99;.&#x73;&#105;\">na&#116;&#x61;&#x6c;&#x69;ja&#64;&#x6e;&#x61;&#x67;li&#99;&#x2e;&#x73;&#x69;<\/a><\/td>\n<\/tr>\n<tr>\n<td width=\"430\"><strong>Head of Development:<\/strong><\/td>\n<td>Jan Volk, <a href=\"&#x6d;a&#x69;l&#x74;o&#x3a;&#106;a&#x6e;&#64;&#x6e;a&#x67;&#108;&#x69;&#99;.&#x73;i\">&#106;&#x61;&#110;&#x40;&#110;&#x61;g&#x6c;i&#x63;.&#x73;i<\/a><\/td>\n<\/tr>\n<tr>\n<td width=\"430\"><strong>Development Engineer:\u00a0<\/strong><\/td>\n<td>Luka Nagli\u010d, <a href=\"m&#97;&#x69;lt&#x6f;&#x3a;l&#117;&#x6b;&#x61;&#64;&#110;&#x61;gl&#x69;&#x63;.&#115;&#x69;\">luk&#97;&#x40;&#x6e;&#x61;gli&#99;&#x2e;&#x73;&#x69;<\/a><\/td>\n<\/tr>\n<tr>\n<td width=\"430\"><strong>Sales and Purchasing Representative:\u00a0<\/strong><\/td>\n<td>Lara Marko, <a href=\"m&#x61;&#x69;l&#x74;&#x6f;:&#x6c;&#x75;k&#x61;&#x40;n&#x61;&#x67;l&#x69;&#x63;.&#x73;&#x69;\">&#108;a&#x72;a&#x40;n&#x61;g&#x6c;i&#x63;.&#x73;i<\/a><\/td>\n<\/tr>\n<\/tbody>\n<\/table>\n<p>[\/vc_column_text][\/vc_column][\/vc_row][vc_row full_width=&#8221;stretch_row_content_no_spaces&#8221;][vc_column][vc_gmaps link=&#8221;#E-8_JTNDaWZyYW1lJTIwc3JjJTNEJTIyaHR0cHMlM0ElMkYlMkZ3d3cuZ29vZ2xlLmNvbSUyRm1hcHMlMkZlbWJlZCUzRnBiJTNEJTIxMW0xOCUyMTFtMTIlMjExbTMlMjExZDIzMjUuNDEwNzY2OTk0NDA1JTIxMmQxNC42MzI1NzA5NTc2MzI5NTklMjEzZDQ2LjEyMjk2MDU0NDgzMzczJTIxMm0zJTIxMWYwJTIxMmYwJTIxM2YwJTIxM20yJTIxMWkxMDI0JTIxMmk3NjglMjE0ZjEzLjElMjEzbTMlMjExbTIlMjExczB4NDc2NTM2YjcyZDllOWRiMyUyNTNBMHg1MzU3M2VhZGJmZmRhY2FhJTIxMnNFbGVrdHJvbmlrYSUyNTIwTmFnbGklMjVDNCUyNThEJTI1MjBkLm8uby4lMjE1ZTAlMjEzbTIlMjExc2VuJTIxMnNzaSUyMTR2MTYyNTc0NTk0OTIwOSUyMTVtMiUyMTFzZW4lMjEyc3NpJTIyJTIwd2lkdGglM0QlMjI2MDAlMjIlMjBoZWlnaHQlM0QlMjI0NTAlMjIlMjBzdHlsZSUzRCUyMmJvcmRlciUzQTAlM0IlMjIlMjBhbGxvd2Z1bGxzY3JlZW4lM0QlMjIlMjIlMjBsb2FkaW5nJTNEJTIybGF6eSUyMiUzRSUzQyUyRmlmcmFtZSUzRQ==&#8221; size=&#8221;500&#8243; el_class=&#8221;ns-gmap-container&#8221;][\/vc_column][\/vc_row]<\/p>\n<\/div>","protected":false},"excerpt":{"rendered":"<p>[vc_row full_width=&#8221;stretch_row_content_no_spaces&#8221;][vc_column][\/vc_column][\/vc_row][vc_row el_class=&#8221;ns-kontakt-row&#8221;][vc_column el_class=&#8221;ns-kontakt-info-column&#8221; offset=&#8221;vc_col-lg-4 vc_col-md-4&#8243;][vc_column_text] Elektronika Nagli\u010d d.o.o. [\/vc_column_text][vc_separator color=&#8221;custom&#8221; accent_color=&#8221;#f1f1f1&#8243;][vc_separator color=&#8221;custom&#8221; accent_color=&#8221;#f1f1f1&#8243;][\/vc_column][vc_column offset=&#8221;vc_col-lg-8 vc_col-md-8&#8243;][\/vc_column][\/vc_row][vc_row][vc_column][vc_column_text] Company name: Elektronika Nagli\u010d d.o.o. Business address: Gori\u010dica pri Ihanu 44, 1230 Dom\u017eale Telephone office: 00386 1 72 92 660 00386 64 244 408 Email office: &#x69;n&#x66;o&#x40;&#110;&#x61;&#x67;l&#x69;c&#x2e;&#115;&#x69; VAT number: SI98598821 Registration number: 585839900 SKD number: C.26.300 IBAN, SWIFT, Bank name: SI56 0230 2009 0481 323, LJBASI2X, Nova Ljubljanska Banka d.d. Submission number: 1\/25996\/00 Founder, Owner: Miroslav Nagli\u010d, &#x6d;&#105;r&#x6f;&#x73;la&#x76;&#x40;na&#x67;&#108;i&#x63;&#x2e;&#115;i CEO: Natalija Pungar\u0161ek, &#x6e;a&#x74;&#97;l&#x69;j&#x61;&#64;n&#x61;g&#x6c;&#105;c&#x2e;s&#x69; Head of Development: Jan Volk, &#x6a;&#x61;&#x6e;&#x40;&#110;&#97;gli&#x63;&#x2e;&#x73;&#x69; Development Engineer:\u00a0 Luka Nagli\u010d, l&#117;&#x6b;&#x61;&#64;n&#x61;&#x67;li&#99;&#x2e;&#x73;i Sales and Purchasing Representative:\u00a0 Lara Marko, &#108;&#x61;r&#x61;&#64;&#110;&#x61;g&#x6c;i&#x63;.&#115;&#x69; [\/vc_column_text][\/vc_column][\/vc_row][vc_row full_width=&#8221;stretch_row_content_no_spaces&#8221;][vc_column][vc_gmaps link=&#8221;#E-8_JTNDaWZyYW1lJTIwc3JjJTNEJTIyaHR0cHMlM0ElMkYlMkZ3d3cuZ29vZ2xlLmNvbSUyRm1hcHMlMkZlbWJlZCUzRnBiJTNEJTIxMW0xOCUyMTFtMTIlMjExbTMlMjExZDIzMjUuNDEwNzY2OTk0NDA1JTIxMmQxNC42MzI1NzA5NTc2MzI5NTklMjEzZDQ2LjEyMjk2MDU0NDgzMzczJTIxMm0zJTIxMWYwJTIxMmYwJTIxM2YwJTIxM20yJTIxMWkxMDI0JTIxMmk3NjglMjE0ZjEzLjElMjEzbTMlMjExbTIlMjExczB4NDc2NTM2YjcyZDllOWRiMyUyNTNBMHg1MzU3M2VhZGJmZmRhY2FhJTIxMnNFbGVrdHJvbmlrYSUyNTIwTmFnbGklMjVDNCUyNThEJTI1MjBkLm8uby4lMjE1ZTAlMjEzbTIlMjExc2VuJTIxMnNzaSUyMTR2MTYyNTc0NTk0OTIwOSUyMTVtMiUyMTFzZW4lMjEyc3NpJTIyJTIwd2lkdGglM0QlMjI2MDAlMjIlMjBoZWlnaHQlM0QlMjI0NTAlMjIlMjBzdHlsZSUzRCUyMmJvcmRlciUzQTAlM0IlMjIlMjBhbGxvd2Z1bGxzY3JlZW4lM0QlMjIlMjIlMjBsb2FkaW5nJTNEJTIybGF6eSUyMiUzRSUzQyUyRmlmcmFtZSUzRQ==&#8221; size=&#8221;500&#8243; el_class=&#8221;ns-gmap-container&#8221;][\/vc_column][\/vc_row]<\/p>\n","protected":false},"author":1,"featured_media":0,"parent":0,"menu_order":6,"comment_status":"closed","ping_status":"closed","template":"","meta":{"footnotes":""},"class_list":["post-11208","page","type-page","status-publish","hentry"],"yoast_head":"<!-- This site is optimized with the Yoast SEO plugin v27.3 - https:\/\/yoast.com\/product\/yoast-seo-wordpress\/ -->\n<title>Contact | Elektronika Nagli\u010d<\/title>\n<meta name=\"description\" content=\"Elektronika Nagli\u010d d.o.o. Gori\u010dica pri Ihanu 44 1230 Dom\u017eale064 244 408info@naglic.si Company name: Elektronika Nagli\u010d d.o.o. Business address: Gori\u010dica pri Ihanu 44, 1230 Dom\u017eale Telephone office: 00386 1 72 92\" \/>\n<meta name=\"robots\" content=\"index, follow, max-snippet:-1, max-image-preview:large, max-video-preview:-1\" \/>\n<link rel=\"canonical\" href=\"https:\/\/www.naglic.si\/kontakt\/\" \/>\n<meta property=\"og:locale\" content=\"en_US\" \/>\n<meta property=\"og:type\" content=\"article\" \/>\n<meta property=\"og:title\" content=\"Contact | Elektronika Nagli\u010d\" \/>\n<meta property=\"og:description\" content=\"Elektronika Nagli\u010d d.o.o. Company name: Elektronika Nagli\u010d d.o.o. Business address: Gori\u010dica pri Ihanu 44, 1230 Dom\u017eale Telephone office: 00386 1 72 92\" \/>\n<meta property=\"og:url\" content=\"https:\/\/www.naglic.si\/kontakt\/\" \/>\n<meta property=\"og:site_name\" content=\"Elektronika Nagli\u010d\" \/>\n<meta property=\"article:modified_time\" content=\"2026-03-30T08:57:26+00:00\" \/>\n<meta name=\"twitter:card\" content=\"summary_large_image\" \/>\n<meta name=\"twitter:label1\" content=\"Est. reading time\" \/>\n\t<meta name=\"twitter:data1\" content=\"1 minute\" \/>\n<script type=\"application\/ld+json\" class=\"yoast-schema-graph\">{\"@context\":\"https:\\\/\\\/schema.org\",\"@graph\":[{\"@type\":\"WebPage\",\"@id\":\"https:\\\/\\\/www.naglic.si\\\/kontakt\\\/\",\"url\":\"https:\\\/\\\/www.naglic.si\\\/kontakt\\\/\",\"name\":\"Contact | Elektronika Nagli\u010d\",\"isPartOf\":{\"@id\":\"https:\\\/\\\/www.naglic.si\\\/#website\"},\"datePublished\":\"2021-04-20T10:24:18+00:00\",\"dateModified\":\"2026-03-30T08:57:26+00:00\",\"description\":\"Elektronika Nagli\u010d d.o.o. Company name: Elektronika Nagli\u010d d.o.o. Business address: Gori\u010dica pri Ihanu 44, 1230 Dom\u017eale Telephone office: 00386 1 72 92\",\"breadcrumb\":{\"@id\":\"https:\\\/\\\/www.naglic.si\\\/kontakt\\\/#breadcrumb\"},\"inLanguage\":\"en-US\",\"potentialAction\":[{\"@type\":\"ReadAction\",\"target\":[\"https:\\\/\\\/www.naglic.si\\\/kontakt\\\/\"]}]},{\"@type\":\"BreadcrumbList\",\"@id\":\"https:\\\/\\\/www.naglic.si\\\/kontakt\\\/#breadcrumb\",\"itemListElement\":[{\"@type\":\"ListItem\",\"position\":1,\"name\":\"Home\",\"item\":\"https:\\\/\\\/www.naglic.si\\\/en\\\/\"},{\"@type\":\"ListItem\",\"position\":2,\"name\":\"Contact\"}]},{\"@type\":\"WebSite\",\"@id\":\"https:\\\/\\\/www.naglic.si\\\/#website\",\"url\":\"https:\\\/\\\/www.naglic.si\\\/\",\"name\":\"Elektronika Nagli\u010d\",\"description\":\"\u0160e eno spleti\u0161\u010de WordPress\",\"potentialAction\":[{\"@type\":\"SearchAction\",\"target\":{\"@type\":\"EntryPoint\",\"urlTemplate\":\"https:\\\/\\\/www.naglic.si\\\/?s={search_term_string}\"},\"query-input\":{\"@type\":\"PropertyValueSpecification\",\"valueRequired\":true,\"valueName\":\"search_term_string\"}}],\"inLanguage\":\"en-US\"}]}<\/script>\n<!-- \/ Yoast SEO plugin. -->","yoast_head_json":{"title":"Contact | Elektronika Nagli\u010d","description":"Elektronika Nagli\u010d d.o.o. Gori\u010dica pri Ihanu 44 1230 Dom\u017eale064 244 408info@naglic.si Company name: Elektronika Nagli\u010d d.o.o. Business address: Gori\u010dica pri Ihanu 44, 1230 Dom\u017eale Telephone office: 00386 1 72 92","robots":{"index":"index","follow":"follow","max-snippet":"max-snippet:-1","max-image-preview":"max-image-preview:large","max-video-preview":"max-video-preview:-1"},"canonical":"https:\/\/www.naglic.si\/kontakt\/","og_locale":"en_US","og_type":"article","og_title":"Contact | Elektronika Nagli\u010d","og_description":"Elektronika Nagli\u010d d.o.o. Company name: Elektronika Nagli\u010d d.o.o. Business address: Gori\u010dica pri Ihanu 44, 1230 Dom\u017eale Telephone office: 00386 1 72 92","og_url":"https:\/\/www.naglic.si\/kontakt\/","og_site_name":"Elektronika Nagli\u010d","article_modified_time":"2026-03-30T08:57:26+00:00","twitter_card":"summary_large_image","twitter_misc":{"Est. reading time":"1 minute"},"schema":{"@context":"https:\/\/schema.org","@graph":[{"@type":"WebPage","@id":"https:\/\/www.naglic.si\/kontakt\/","url":"https:\/\/www.naglic.si\/kontakt\/","name":"Contact | Elektronika Nagli\u010d","isPartOf":{"@id":"https:\/\/www.naglic.si\/#website"},"datePublished":"2021-04-20T10:24:18+00:00","dateModified":"2026-03-30T08:57:26+00:00","description":"Elektronika Nagli\u010d d.o.o. Company name: Elektronika Nagli\u010d d.o.o. Business address: Gori\u010dica pri Ihanu 44, 1230 Dom\u017eale Telephone office: 00386 1 72 92","breadcrumb":{"@id":"https:\/\/www.naglic.si\/kontakt\/#breadcrumb"},"inLanguage":"en-US","potentialAction":[{"@type":"ReadAction","target":["https:\/\/www.naglic.si\/kontakt\/"]}]},{"@type":"BreadcrumbList","@id":"https:\/\/www.naglic.si\/kontakt\/#breadcrumb","itemListElement":[{"@type":"ListItem","position":1,"name":"Home","item":"https:\/\/www.naglic.si\/en\/"},{"@type":"ListItem","position":2,"name":"Contact"}]},{"@type":"WebSite","@id":"https:\/\/www.naglic.si\/#website","url":"https:\/\/www.naglic.si\/","name":"Elektronika Nagli\u010d","description":"\u0160e eno spleti\u0161\u010de WordPress","potentialAction":[{"@type":"SearchAction","target":{"@type":"EntryPoint","urlTemplate":"https:\/\/www.naglic.si\/?s={search_term_string}"},"query-input":{"@type":"PropertyValueSpecification","valueRequired":true,"valueName":"search_term_string"}}],"inLanguage":"en-US"}]}},"_links":{"self":[{"href":"https:\/\/www.naglic.si\/en\/wp-json\/wp\/v2\/pages\/11208","targetHints":{"allow":["GET"]}}],"collection":[{"href":"https:\/\/www.naglic.si\/en\/wp-json\/wp\/v2\/pages"}],"about":[{"href":"https:\/\/www.naglic.si\/en\/wp-json\/wp\/v2\/types\/page"}],"author":[{"embeddable":true,"href":"https:\/\/www.naglic.si\/en\/wp-json\/wp\/v2\/users\/1"}],"replies":[{"embeddable":true,"href":"https:\/\/www.naglic.si\/en\/wp-json\/wp\/v2\/comments?post=11208"}],"version-history":[{"count":9,"href":"https:\/\/www.naglic.si\/en\/wp-json\/wp\/v2\/pages\/11208\/revisions"}],"predecessor-version":[{"id":18427,"href":"https:\/\/www.naglic.si\/en\/wp-json\/wp\/v2\/pages\/11208\/revisions\/18427"}],"wp:attachment":[{"href":"https:\/\/www.naglic.si\/en\/wp-json\/wp\/v2\/media?parent=11208"}],"curies":[{"name":"wp","href":"https:\/\/api.w.org\/{rel}","templated":true}]}}