{"id":11206,"date":"2021-06-28T10:41:37","date_gmt":"2021-06-28T10:41:37","guid":{"rendered":"https:\/\/www.naglic.si\/zastopstva\/"},"modified":"2021-10-29T08:43:29","modified_gmt":"2021-10-29T08:43:29","slug":"representations","status":"publish","type":"page","link":"https:\/\/www.naglic.si\/en\/representations\/","title":{"rendered":"Representations"},"content":{"rendered":"<div class=\"wpb-content-wrapper\"><p>[vc_row full_width=&#8221;stretch_row_content_no_spaces&#8221;][vc_column]        \r\n        <div class=\"title-banner\">\r\n         \r\n\r\n            <div class=\"title-banner-image-container\" style=\"background-image: url('https:\/\/www.naglic.si\/wp-content\/themes\/ns-template\/img\/page_title_back.jpg');\">\r\n            <div class=\"container\">\r\n              <div class=\"row\">\r\n                <div class=\"col\">\r\n                              <h1>Representations<\/h1>\r\n                            <\/div>\r\n              <\/div>\r\n              <\/div>\r\n            <\/div>\r\n          \r\n        \r\n            <div class=\"container\"> \r\n              <div class=\"breadcrumbs-container\">\r\n                <div class=\"breadcrumbs\">\r\n                  <p id=\"breadcrumbs\"><span><span><a href=\"https:\/\/www.naglic.si\/en\/\">Home<\/a><\/span><\/span><\/p>                  <div class=\"clearfix\"><\/div>\r\n                <\/div>\r\n              <\/div>\r\n            <\/div>\r\n        \r\n        <\/div>\r\n        \r\n        [\/vc_column][\/vc_row][vc_row el_class=&#8221;ns-zastopstva-row&#8221;][vc_column][vc_row_inner][vc_column_inner width=&#8221;2\/3&#8243;][vc_column_text]<\/p>\n<h2>Motorola Solutions<\/h2>\n<p>Motorola Solutions connects people through technology. Public safety and commercial customers around the world turn to Motorola Solutions innovations when they want highly connected teams that have the information they need throughout their workdays and in the moments that matter most to them.<\/p>\n<p>Home page: <a href=\"https:\/\/www.motorolasolutions.com\/en_xu.html?geo=redirect\" target=\"_blank\" rel=\"noopener\">https:\/\/www.motorolasolutions.com<\/a>[\/vc_column_text]\t\r\n\t\t<a href=\"https:\/\/www.naglic.si\/shop\/filters\/blagovna-znamka\/motorola\/\" target=\"\" class=\"btn   btn btn-lg btn-primary\" id=\"\">\r\n    Motorola's products<\/a>\r\n\r\n\t\t[\/vc_column_inner][vc_column_inner width=&#8221;1\/3&#8243;][vc_single_image image=&#8221;12179&#8243; img_size=&#8221;full&#8221;][\/vc_column_inner][\/vc_row_inner][\/vc_column][\/vc_row][vc_row el_class=&#8221;ns-zastopstva-row&#8221;][vc_column][vc_row_inner][vc_column_inner width=&#8221;2\/3&#8243;][vc_column_text]<\/p>\n<h2>Swissphone<\/h2>\n<p>Swissphone stands for secure alerting and efficient communication.<\/p>\n<p>Swissphone produce robust pagers, design secure alerting networks and develop innovative software solutions. Their products and solutions support each and every stage of the alerting chain, from triggering an emergency call to coordination in the control centre right through to the transmission of alerts over the network and to the pagers.<\/p>\n<p>Our company is official dealer for Swissphone.\u00a0We offer you all of their equipment including programming and pager service.<\/p>\n<p>Home page: <a href=\"https:\/\/www.swissphone.com\/\" target=\"_blank\" rel=\"noopener\">www.swissphone.com<\/a>[\/vc_column_text]\t\r\n\t\t<a href=\"\" target=\"\" class=\"btn   btn btn-lg btn-primary\" id=\"\">\r\n    Swissphone's products<\/a>\r\n\r\n\t\t[\/vc_column_inner][vc_column_inner width=&#8221;1\/3&#8243;][vc_single_image image=&#8221;8363&#8243; img_size=&#8221;full&#8221;][\/vc_column_inner][\/vc_row_inner][\/vc_column][\/vc_row][vc_row el_class=&#8221;ns-zastopstva-row&#8221;][vc_column][vc_row_inner][vc_column_inner width=&#8221;2\/3&#8243;][vc_column_text]<\/p>\n<h2>YAESU<\/h2>\n<p>The Yaesu brand is well known among ham radio aficionados and is synonymous with premium quality ham radios. From stationary multi-feature communications equipment to portable devices, YAESU has consistently represented the best in communications equipment to the world&#8217;s top DX&#8217;ers for over half a century.<\/p>\n<p>Home page: <a href=\"https:\/\/www.yaesu.com\/\" target=\"_blank\" rel=\"noopener\">www.yaesu.com<\/a>[\/vc_column_text]\t\r\n\t\t<a href=\"https:\/\/www.naglic.si\/shop\/filters\/blagovna-znamka\/yaesu\/\" target=\"\" class=\"btn   btn btn-lg btn-primary\" id=\"\">\r\n    YAESU's products<\/a>\r\n\r\n\t\t[\/vc_column_inner][vc_column_inner width=&#8221;1\/3&#8243;][vc_single_image image=&#8221;8365&#8243; img_size=&#8221;full&#8221;][\/vc_column_inner][\/vc_row_inner][\/vc_column][\/vc_row][vc_row el_class=&#8221;ns-zastopstva-row&#8221;][vc_column][vc_row_inner][vc_column_inner width=&#8221;2\/3&#8243;][vc_column_text]<\/p>\n<h2>RAM Mounts<\/h2>\n<p class=\"text-left\">Introduced in 1995 as part of National Products Inc. (NPI), RAM\u00ae Mounts is the leading manufacturer of rugged and versatile mounting solutions for nearly any application and device \u2013 including phones, tablets, cameras, GPS systems, laptops, marine electronics, printers, radios, and much more.<\/p>\n<p class=\"text-left\">As the most innovative product line of its kind, RAM\u00ae Mounts offers approximately 5,000 modular components. Built on the interchangeable ball and socket system and designed around an elastomeric rubber ball, these components incorporate non-slip functionality as well as shock and vibration damping. The unique design of the patent-protected RAM\u00ae Mounts system provides quick installation, adjustability, and durability \u2013 all at a low cost.<\/p>\n<p>Home page: <a href=\"https:\/\/www.rammount.com\/\" target=\"_blank\" rel=\"noopener\">www.rammount.com<\/a>[\/vc_column_text]\t\r\n\t\t<a href=\"https:\/\/www.naglic.si\/shop\/filters\/blagovna-znamka\/ram-mounts\/\" target=\"\" class=\"btn   btn btn-lg btn-primary\" id=\"\">\r\n    RAM Mounts's products<\/a>\r\n\r\n\t\t[\/vc_column_inner][vc_column_inner width=&#8221;1\/3&#8243;][vc_single_image image=&#8221;8367&#8243; img_size=&#8221;full&#8221;][\/vc_column_inner][\/vc_row_inner][\/vc_column][\/vc_row][vc_row disable_element=&#8221;yes&#8221; el_class=&#8221;ns-zastopstva-row&#8221;][vc_column][vc_row_inner][vc_column_inner width=&#8221;2\/3&#8243;][vc_column_text]<\/p>\n<h2>ZEBRA<\/h2>\n<p>Je vodilna znamka na svetu na podro\u010dju tiskanja oziroma ozna\u010devanja s \u010drtno kodo, 2D kodo in RFID kodo ter skeniranja. Izdelke odlikuje njihova robustnost, odpornost in visoka zanesljivost. Na ZEBRO se zana\u0161ajo najuspe\u0161nej\u0161a podjetja in organizacije, ko potrebujejo opremo za ozna\u010devanje, identifikacijo in mobilni zajem podatkov. Ta podjetja so v primerjavi z njihovo konkurenco pridobila na kakovosti, produktivnosti, u\u010dinkovitosti in varnosti.<\/p>\n<p>Spletna stran: <a href=\"https:\/\/www.zebra.com\/gb\/en.html\" target=\"_blank\" rel=\"noopener\">www.zebra.com<\/a>[\/vc_column_text][\/vc_column_inner][vc_column_inner width=&#8221;1\/3&#8243;][vc_single_image image=&#8221;8369&#8243; img_size=&#8221;full&#8221;][\/vc_column_inner][\/vc_row_inner][\/vc_column][\/vc_row]<\/p>\n<\/div>","protected":false},"excerpt":{"rendered":"<p>[vc_row full_width=&#8221;stretch_row_content_no_spaces&#8221;][vc_column][\/vc_column][\/vc_row][vc_row el_class=&#8221;ns-zastopstva-row&#8221;][vc_column][vc_row_inner][vc_column_inner width=&#8221;2\/3&#8243;][vc_column_text] Motorola Solutions Motorola Solutions connects people through technology. Public safety and commercial customers around the world turn to Motorola Solutions innovations when they want highly connected teams that have the information they need throughout their workdays and in the moments that matter most to them. Home page: https:\/\/www.motorolasolutions.com[\/vc_column_text][\/vc_column_inner][vc_column_inner width=&#8221;1\/3&#8243;][vc_single_image image=&#8221;12179&#8243; img_size=&#8221;full&#8221;][\/vc_column_inner][\/vc_row_inner][\/vc_column][\/vc_row][vc_row el_class=&#8221;ns-zastopstva-row&#8221;][vc_column][vc_row_inner][vc_column_inner width=&#8221;2\/3&#8243;][vc_column_text] Swissphone Swissphone stands for secure alerting and efficient communication. Swissphone produce robust pagers, design secure alerting networks and develop innovative software solutions. Their products and solutions support each and every stage of the alerting chain, from triggering an emergency call to coordination in the control centre right through to the transmission of alerts over the network and to the pagers. Our company is [&hellip;]<\/p>\n","protected":false},"author":1,"featured_media":0,"parent":0,"menu_order":0,"comment_status":"closed","ping_status":"closed","template":"","meta":{"footnotes":""},"class_list":["post-11206","page","type-page","status-publish","hentry"],"yoast_head":"<!-- This site is optimized with the Yoast SEO plugin v27.3 - https:\/\/yoast.com\/product\/yoast-seo-wordpress\/ -->\n<title>Representations | Elektronika Nagli\u010d<\/title>\n<meta name=\"description\" content=\"Motorola Solutions Motorola Solutions connects people through technology. Public safety and commercial customers around the world turn to Motorola Solutions innovations when they want highly connected teams that have the\" \/>\n<meta name=\"robots\" content=\"index, follow, max-snippet:-1, max-image-preview:large, max-video-preview:-1\" \/>\n<link rel=\"canonical\" href=\"https:\/\/www.naglic.si\/zastopstva\/\" \/>\n<meta property=\"og:locale\" content=\"en_US\" \/>\n<meta property=\"og:type\" content=\"article\" \/>\n<meta property=\"og:title\" content=\"Representations | Elektronika Nagli\u010d\" \/>\n<meta property=\"og:description\" content=\"Motorola Solutions Motorola Solutions connects people through technology. Public safety and commercial customers around the world turn to Motorola\" \/>\n<meta property=\"og:url\" content=\"https:\/\/www.naglic.si\/zastopstva\/\" \/>\n<meta property=\"og:site_name\" content=\"Elektronika Nagli\u010d\" \/>\n<meta property=\"article:modified_time\" content=\"2021-10-29T08:43:29+00:00\" \/>\n<meta name=\"twitter:card\" content=\"summary_large_image\" \/>\n<meta name=\"twitter:label1\" content=\"Est. reading time\" \/>\n\t<meta name=\"twitter:data1\" content=\"2 minutes\" \/>\n<script type=\"application\/ld+json\" class=\"yoast-schema-graph\">{\"@context\":\"https:\\\/\\\/schema.org\",\"@graph\":[{\"@type\":\"WebPage\",\"@id\":\"https:\\\/\\\/www.naglic.si\\\/zastopstva\\\/\",\"url\":\"https:\\\/\\\/www.naglic.si\\\/zastopstva\\\/\",\"name\":\"Representations | Elektronika Nagli\u010d\",\"isPartOf\":{\"@id\":\"https:\\\/\\\/www.naglic.si\\\/#website\"},\"datePublished\":\"2021-06-28T10:41:37+00:00\",\"dateModified\":\"2021-10-29T08:43:29+00:00\",\"description\":\"Motorola Solutions Motorola Solutions connects people through technology. Public safety and commercial customers around the world turn to Motorola\",\"breadcrumb\":{\"@id\":\"https:\\\/\\\/www.naglic.si\\\/zastopstva\\\/#breadcrumb\"},\"inLanguage\":\"en-US\",\"potentialAction\":[{\"@type\":\"ReadAction\",\"target\":[\"https:\\\/\\\/www.naglic.si\\\/zastopstva\\\/\"]}]},{\"@type\":\"BreadcrumbList\",\"@id\":\"https:\\\/\\\/www.naglic.si\\\/zastopstva\\\/#breadcrumb\",\"itemListElement\":[{\"@type\":\"ListItem\",\"position\":1,\"name\":\"Home\",\"item\":\"https:\\\/\\\/www.naglic.si\\\/en\\\/\"},{\"@type\":\"ListItem\",\"position\":2,\"name\":\"Representations\"}]},{\"@type\":\"WebSite\",\"@id\":\"https:\\\/\\\/www.naglic.si\\\/#website\",\"url\":\"https:\\\/\\\/www.naglic.si\\\/\",\"name\":\"Elektronika Nagli\u010d\",\"description\":\"\u0160e eno spleti\u0161\u010de WordPress\",\"potentialAction\":[{\"@type\":\"SearchAction\",\"target\":{\"@type\":\"EntryPoint\",\"urlTemplate\":\"https:\\\/\\\/www.naglic.si\\\/?s={search_term_string}\"},\"query-input\":{\"@type\":\"PropertyValueSpecification\",\"valueRequired\":true,\"valueName\":\"search_term_string\"}}],\"inLanguage\":\"en-US\"}]}<\/script>\n<!-- \/ Yoast SEO plugin. -->","yoast_head_json":{"title":"Representations | Elektronika Nagli\u010d","description":"Motorola Solutions Motorola Solutions connects people through technology. Public safety and commercial customers around the world turn to Motorola Solutions innovations when they want highly connected teams that have the","robots":{"index":"index","follow":"follow","max-snippet":"max-snippet:-1","max-image-preview":"max-image-preview:large","max-video-preview":"max-video-preview:-1"},"canonical":"https:\/\/www.naglic.si\/zastopstva\/","og_locale":"en_US","og_type":"article","og_title":"Representations | Elektronika Nagli\u010d","og_description":"Motorola Solutions Motorola Solutions connects people through technology. Public safety and commercial customers around the world turn to Motorola","og_url":"https:\/\/www.naglic.si\/zastopstva\/","og_site_name":"Elektronika Nagli\u010d","article_modified_time":"2021-10-29T08:43:29+00:00","twitter_card":"summary_large_image","twitter_misc":{"Est. reading time":"2 minutes"},"schema":{"@context":"https:\/\/schema.org","@graph":[{"@type":"WebPage","@id":"https:\/\/www.naglic.si\/zastopstva\/","url":"https:\/\/www.naglic.si\/zastopstva\/","name":"Representations | Elektronika Nagli\u010d","isPartOf":{"@id":"https:\/\/www.naglic.si\/#website"},"datePublished":"2021-06-28T10:41:37+00:00","dateModified":"2021-10-29T08:43:29+00:00","description":"Motorola Solutions Motorola Solutions connects people through technology. Public safety and commercial customers around the world turn to Motorola","breadcrumb":{"@id":"https:\/\/www.naglic.si\/zastopstva\/#breadcrumb"},"inLanguage":"en-US","potentialAction":[{"@type":"ReadAction","target":["https:\/\/www.naglic.si\/zastopstva\/"]}]},{"@type":"BreadcrumbList","@id":"https:\/\/www.naglic.si\/zastopstva\/#breadcrumb","itemListElement":[{"@type":"ListItem","position":1,"name":"Home","item":"https:\/\/www.naglic.si\/en\/"},{"@type":"ListItem","position":2,"name":"Representations"}]},{"@type":"WebSite","@id":"https:\/\/www.naglic.si\/#website","url":"https:\/\/www.naglic.si\/","name":"Elektronika Nagli\u010d","description":"\u0160e eno spleti\u0161\u010de WordPress","potentialAction":[{"@type":"SearchAction","target":{"@type":"EntryPoint","urlTemplate":"https:\/\/www.naglic.si\/?s={search_term_string}"},"query-input":{"@type":"PropertyValueSpecification","valueRequired":true,"valueName":"search_term_string"}}],"inLanguage":"en-US"}]}},"_links":{"self":[{"href":"https:\/\/www.naglic.si\/en\/wp-json\/wp\/v2\/pages\/11206","targetHints":{"allow":["GET"]}}],"collection":[{"href":"https:\/\/www.naglic.si\/en\/wp-json\/wp\/v2\/pages"}],"about":[{"href":"https:\/\/www.naglic.si\/en\/wp-json\/wp\/v2\/types\/page"}],"author":[{"embeddable":true,"href":"https:\/\/www.naglic.si\/en\/wp-json\/wp\/v2\/users\/1"}],"replies":[{"embeddable":true,"href":"https:\/\/www.naglic.si\/en\/wp-json\/wp\/v2\/comments?post=11206"}],"version-history":[{"count":7,"href":"https:\/\/www.naglic.si\/en\/wp-json\/wp\/v2\/pages\/11206\/revisions"}],"predecessor-version":[{"id":12317,"href":"https:\/\/www.naglic.si\/en\/wp-json\/wp\/v2\/pages\/11206\/revisions\/12317"}],"wp:attachment":[{"href":"https:\/\/www.naglic.si\/en\/wp-json\/wp\/v2\/media?parent=11206"}],"curies":[{"name":"wp","href":"https:\/\/api.w.org\/{rel}","templated":true}]}}