{"id":11202,"date":"2021-06-28T10:40:46","date_gmt":"2021-06-28T10:40:46","guid":{"rendered":"https:\/\/www.naglic.si\/resitve\/"},"modified":"2021-09-21T09:51:28","modified_gmt":"2021-09-21T09:51:28","slug":"case-studies","status":"publish","type":"page","link":"https:\/\/www.naglic.si\/en\/case-studies\/","title":{"rendered":"Case Studies"},"content":{"rendered":"<div class=\"wpb-content-wrapper\"><p>[vc_row full_width=&#8221;stretch_row_content_no_spaces&#8221;][vc_column]        \r\n        <div class=\"title-banner\">\r\n         \r\n\r\n            <div class=\"title-banner-image-container\" style=\"background-image: url('https:\/\/www.naglic.si\/wp-content\/themes\/ns-template\/img\/page_title_back.jpg');\">\r\n            <div class=\"container\">\r\n              <div class=\"row\">\r\n                <div class=\"col\">\r\n                              <h1>Case Studies<\/h1>\r\n                            <\/div>\r\n              <\/div>\r\n              <\/div>\r\n            <\/div>\r\n          \r\n        \r\n            <div class=\"container\"> \r\n              <div class=\"breadcrumbs-container\">\r\n                <div class=\"breadcrumbs\">\r\n                  <p id=\"breadcrumbs\"><span><span><a href=\"https:\/\/www.naglic.si\/en\/\">Home<\/a><\/span><\/span><\/p>                  <div class=\"clearfix\"><\/div>\r\n                <\/div>\r\n              <\/div>\r\n            <\/div>\r\n        \r\n        <\/div>\r\n        \r\n        [\/vc_column][\/vc_row][vc_row][vc_column][vc_column_text]<\/p>\n<h3>Na\u0161e projektne re\u0161itve za razli\u010dna podro\u010dja<\/h3>\n<p>Pomagamo vam lahko z uporabo digitalne brez\u017ei\u010dne re\u0161itve za izbolj\u0161anje varnosti, pove\u010danje produktivnosti in pove\u010danje povezljivosti znotraj va\u0161ega podjetja. Na\u0161e glavne stranke so slu\u017ebe prve pomo\u010di in re\u0161evanja, gasilske enote in podjetja, ki se ukvarjajo z avtomatizacijo in daljinskim upravljanjem.[\/vc_column_text][\/vc_column][\/vc_row][vc_row el_class=&#8221;ns-tabs-container&#8221;][vc_column][vc_tta_tabs style=&#8221;flat&#8221; shape=&#8221;square&#8221; color=&#8221;white&#8221; active_section=&#8221;1&#8243; no_fill_content_area=&#8221;true&#8221; el_class=&#8221;ns-resitve-tabs&#8221;][vc_tta_section title=&#8221;Re\u0161itve za gasilce&#8221; tab_id=&#8221;1625487103356-53f17c88-713a&#8221;]<div class=\"loop-container  ns-novice-container\"><p>resitev ne obstaja<\/p><\/div>[\/vc_tta_section][vc_tta_section title=&#8221;Re\u0161itve za re\u0161evalce&#8221; tab_id=&#8221;1625487103374-d8022c4c-cfde&#8221;]<div class=\"loop-container  ns-novice-container\"><p>resitev ne obstaja<\/p><\/div>[\/vc_tta_section][vc_tta_section title=&#8221;Re\u0161itve za policijo&#8221; tab_id=&#8221;1625487134730-0435c58e-0b72&#8243;]<div class=\"loop-container  ns-novice-container\"><p>resitev ne obstaja<\/p><\/div>[\/vc_tta_section][vc_tta_section title=&#8221;Industrija&#8221; tab_id=&#8221;1626420870994-d3fab184-0f89&#8243;]<div class=\"loop-container  ns-novice-container\"><p>resitev ne obstaja<\/p><\/div>[\/vc_tta_section][\/vc_tta_tabs][\/vc_column][\/vc_row]<\/p>\n<\/div>","protected":false},"excerpt":{"rendered":"<p>[vc_row full_width=&#8221;stretch_row_content_no_spaces&#8221;][vc_column][\/vc_column][\/vc_row][vc_row][vc_column][vc_column_text] Na\u0161e projektne re\u0161itve za razli\u010dna podro\u010dja Pomagamo vam lahko z uporabo digitalne brez\u017ei\u010dne re\u0161itve za izbolj\u0161anje varnosti, pove\u010danje produktivnosti in pove\u010danje povezljivosti znotraj va\u0161ega podjetja. Na\u0161e glavne stranke so slu\u017ebe prve pomo\u010di in re\u0161evanja, gasilske enote in podjetja, ki se ukvarjajo z avtomatizacijo in daljinskim upravljanjem.[\/vc_column_text][\/vc_column][\/vc_row][vc_row el_class=&#8221;ns-tabs-container&#8221;][vc_column][vc_tta_tabs style=&#8221;flat&#8221; shape=&#8221;square&#8221; color=&#8221;white&#8221; active_section=&#8221;1&#8243; no_fill_content_area=&#8221;true&#8221; el_class=&#8221;ns-resitve-tabs&#8221;][vc_tta_section title=&#8221;Re\u0161itve za gasilce&#8221; tab_id=&#8221;1625487103356-53f17c88-713a&#8221;][\/vc_tta_section][vc_tta_section title=&#8221;Re\u0161itve za re\u0161evalce&#8221; tab_id=&#8221;1625487103374-d8022c4c-cfde&#8221;][\/vc_tta_section][vc_tta_section title=&#8221;Re\u0161itve za policijo&#8221; tab_id=&#8221;1625487134730-0435c58e-0b72&#8243;][\/vc_tta_section][vc_tta_section title=&#8221;Industrija&#8221; tab_id=&#8221;1626420870994-d3fab184-0f89&#8243;][\/vc_tta_section][\/vc_tta_tabs][\/vc_column][\/vc_row]<\/p>\n","protected":false},"author":1,"featured_media":0,"parent":0,"menu_order":0,"comment_status":"closed","ping_status":"closed","template":"","meta":{"footnotes":""},"class_list":["post-11202","page","type-page","status-publish","hentry"],"yoast_head":"<!-- This site is optimized with the Yoast SEO plugin v27.3 - https:\/\/yoast.com\/product\/yoast-seo-wordpress\/ -->\n<title>Case Studies | Elektronika Nagli\u010d<\/title>\n<meta name=\"description\" content=\"Na\u0161e projektne re\u0161itve za razli\u010dna podro\u010dja Pomagamo vam lahko z uporabo digitalne brez\u017ei\u010dne re\u0161itve za izbolj\u0161anje varnosti, pove\u010danje produktivnosti in pove\u010danje povezljivosti znotraj va\u0161ega podjetja. Na\u0161e glavne stranke so slu\u017ebe\" \/>\n<meta name=\"robots\" content=\"index, follow, max-snippet:-1, max-image-preview:large, max-video-preview:-1\" \/>\n<link rel=\"canonical\" href=\"https:\/\/www.naglic.si\/en\/case-studies\/\" \/>\n<meta property=\"og:locale\" content=\"en_US\" \/>\n<meta property=\"og:type\" content=\"article\" \/>\n<meta property=\"og:title\" content=\"Case Studies | Elektronika Nagli\u010d\" \/>\n<meta property=\"og:description\" content=\"Na\u0161e projektne re\u0161itve za razli\u010dna podro\u010dja Pomagamo vam lahko z uporabo digitalne brez\u017ei\u010dne re\u0161itve za izbolj\u0161anje varnosti, pove\u010danje produktivnosti in\" \/>\n<meta property=\"og:url\" content=\"https:\/\/www.naglic.si\/en\/case-studies\/\" \/>\n<meta property=\"og:site_name\" content=\"Elektronika Nagli\u010d\" \/>\n<meta property=\"article:modified_time\" content=\"2021-09-21T09:51:28+00:00\" \/>\n<meta name=\"twitter:card\" content=\"summary_large_image\" \/>\n<meta name=\"twitter:label1\" content=\"Est. reading time\" \/>\n\t<meta name=\"twitter:data1\" content=\"1 minute\" \/>\n<script type=\"application\/ld+json\" class=\"yoast-schema-graph\">{\"@context\":\"https:\\\/\\\/schema.org\",\"@graph\":[{\"@type\":\"WebPage\",\"@id\":\"https:\\\/\\\/www.naglic.si\\\/en\\\/case-studies\\\/\",\"url\":\"https:\\\/\\\/www.naglic.si\\\/en\\\/case-studies\\\/\",\"name\":\"Case Studies | Elektronika Nagli\u010d\",\"isPartOf\":{\"@id\":\"https:\\\/\\\/www.naglic.si\\\/#website\"},\"datePublished\":\"2021-06-28T10:40:46+00:00\",\"dateModified\":\"2021-09-21T09:51:28+00:00\",\"description\":\"Na\u0161e projektne re\u0161itve za razli\u010dna podro\u010dja Pomagamo vam lahko z uporabo digitalne brez\u017ei\u010dne re\u0161itve za izbolj\u0161anje varnosti, pove\u010danje produktivnosti in\",\"breadcrumb\":{\"@id\":\"https:\\\/\\\/www.naglic.si\\\/en\\\/case-studies\\\/#breadcrumb\"},\"inLanguage\":\"en-US\",\"potentialAction\":[{\"@type\":\"ReadAction\",\"target\":[\"https:\\\/\\\/www.naglic.si\\\/en\\\/case-studies\\\/\"]}]},{\"@type\":\"BreadcrumbList\",\"@id\":\"https:\\\/\\\/www.naglic.si\\\/en\\\/case-studies\\\/#breadcrumb\",\"itemListElement\":[{\"@type\":\"ListItem\",\"position\":1,\"name\":\"Home\",\"item\":\"https:\\\/\\\/www.naglic.si\\\/en\\\/\"},{\"@type\":\"ListItem\",\"position\":2,\"name\":\"Case Studies\"}]},{\"@type\":\"WebSite\",\"@id\":\"https:\\\/\\\/www.naglic.si\\\/#website\",\"url\":\"https:\\\/\\\/www.naglic.si\\\/\",\"name\":\"Elektronika Nagli\u010d\",\"description\":\"\u0160e eno spleti\u0161\u010de WordPress\",\"potentialAction\":[{\"@type\":\"SearchAction\",\"target\":{\"@type\":\"EntryPoint\",\"urlTemplate\":\"https:\\\/\\\/www.naglic.si\\\/?s={search_term_string}\"},\"query-input\":{\"@type\":\"PropertyValueSpecification\",\"valueRequired\":true,\"valueName\":\"search_term_string\"}}],\"inLanguage\":\"en-US\"}]}<\/script>\n<!-- \/ Yoast SEO plugin. -->","yoast_head_json":{"title":"Case Studies | Elektronika Nagli\u010d","description":"Na\u0161e projektne re\u0161itve za razli\u010dna podro\u010dja Pomagamo vam lahko z uporabo digitalne brez\u017ei\u010dne re\u0161itve za izbolj\u0161anje varnosti, pove\u010danje produktivnosti in pove\u010danje povezljivosti znotraj va\u0161ega podjetja. Na\u0161e glavne stranke so slu\u017ebe","robots":{"index":"index","follow":"follow","max-snippet":"max-snippet:-1","max-image-preview":"max-image-preview:large","max-video-preview":"max-video-preview:-1"},"canonical":"https:\/\/www.naglic.si\/en\/case-studies\/","og_locale":"en_US","og_type":"article","og_title":"Case Studies | Elektronika Nagli\u010d","og_description":"Na\u0161e projektne re\u0161itve za razli\u010dna podro\u010dja Pomagamo vam lahko z uporabo digitalne brez\u017ei\u010dne re\u0161itve za izbolj\u0161anje varnosti, pove\u010danje produktivnosti in","og_url":"https:\/\/www.naglic.si\/en\/case-studies\/","og_site_name":"Elektronika Nagli\u010d","article_modified_time":"2021-09-21T09:51:28+00:00","twitter_card":"summary_large_image","twitter_misc":{"Est. reading time":"1 minute"},"schema":{"@context":"https:\/\/schema.org","@graph":[{"@type":"WebPage","@id":"https:\/\/www.naglic.si\/en\/case-studies\/","url":"https:\/\/www.naglic.si\/en\/case-studies\/","name":"Case Studies | Elektronika Nagli\u010d","isPartOf":{"@id":"https:\/\/www.naglic.si\/#website"},"datePublished":"2021-06-28T10:40:46+00:00","dateModified":"2021-09-21T09:51:28+00:00","description":"Na\u0161e projektne re\u0161itve za razli\u010dna podro\u010dja Pomagamo vam lahko z uporabo digitalne brez\u017ei\u010dne re\u0161itve za izbolj\u0161anje varnosti, pove\u010danje produktivnosti in","breadcrumb":{"@id":"https:\/\/www.naglic.si\/en\/case-studies\/#breadcrumb"},"inLanguage":"en-US","potentialAction":[{"@type":"ReadAction","target":["https:\/\/www.naglic.si\/en\/case-studies\/"]}]},{"@type":"BreadcrumbList","@id":"https:\/\/www.naglic.si\/en\/case-studies\/#breadcrumb","itemListElement":[{"@type":"ListItem","position":1,"name":"Home","item":"https:\/\/www.naglic.si\/en\/"},{"@type":"ListItem","position":2,"name":"Case Studies"}]},{"@type":"WebSite","@id":"https:\/\/www.naglic.si\/#website","url":"https:\/\/www.naglic.si\/","name":"Elektronika Nagli\u010d","description":"\u0160e eno spleti\u0161\u010de WordPress","potentialAction":[{"@type":"SearchAction","target":{"@type":"EntryPoint","urlTemplate":"https:\/\/www.naglic.si\/?s={search_term_string}"},"query-input":{"@type":"PropertyValueSpecification","valueRequired":true,"valueName":"search_term_string"}}],"inLanguage":"en-US"}]}},"_links":{"self":[{"href":"https:\/\/www.naglic.si\/en\/wp-json\/wp\/v2\/pages\/11202","targetHints":{"allow":["GET"]}}],"collection":[{"href":"https:\/\/www.naglic.si\/en\/wp-json\/wp\/v2\/pages"}],"about":[{"href":"https:\/\/www.naglic.si\/en\/wp-json\/wp\/v2\/types\/page"}],"author":[{"embeddable":true,"href":"https:\/\/www.naglic.si\/en\/wp-json\/wp\/v2\/users\/1"}],"replies":[{"embeddable":true,"href":"https:\/\/www.naglic.si\/en\/wp-json\/wp\/v2\/comments?post=11202"}],"version-history":[{"count":3,"href":"https:\/\/www.naglic.si\/en\/wp-json\/wp\/v2\/pages\/11202\/revisions"}],"predecessor-version":[{"id":11962,"href":"https:\/\/www.naglic.si\/en\/wp-json\/wp\/v2\/pages\/11202\/revisions\/11962"}],"wp:attachment":[{"href":"https:\/\/www.naglic.si\/en\/wp-json\/wp\/v2\/media?parent=11202"}],"curies":[{"name":"wp","href":"https:\/\/api.w.org\/{rel}","templated":true}]}}